{"id":2453,"date":"2026-03-20T12:02:53","date_gmt":"2026-03-20T12:02:53","guid":{"rendered":"https:\/\/dgira.es\/?page_id=2453"},"modified":"2026-03-20T12:05:21","modified_gmt":"2026-03-20T12:05:21","slug":"caminantes","status":"publish","type":"page","link":"https:\/\/dgira.es\/en\/caminantes","title":{"rendered":"Caminantes Danza"},"content":{"rendered":"<p>[et_pb_section fb_built=&#8221;1&#8243; fullwidth=&#8221;on&#8221; _builder_version=&#8221;4.16&#8243; global_colors_info=&#8221;{}&#8221;][et_pb_fullwidth_header title=&#8221;CAMINANTES DANZA&#8221; subhead=&#8221;FLAMENCO CONTEMPOR\u00c1NEO (Distribuci\u00f3n nacional e internacional)&#8221; background_overlay_color=&#8221;rgba(0,0,0,0.48)&#8221; title_last_edited=&#8221;off|desktop&#8221; subhead_tablet=&#8221;&#8221; subhead_phone=&#8221;&#8221; subhead_last_edited=&#8221;on|desktop&#8221; _builder_version=&#8221;4.27.2&#8243; title_font=&#8221;|800|||||||&#8221; title_text_align=&#8221;left&#8221; title_text_color=&#8221;#ffffff&#8221; title_line_height=&#8221;1.3em&#8221; subhead_font=&#8221;|700|||||||&#8221; subhead_text_color=&#8221;#ffffff&#8221; subhead_letter_spacing=&#8221;1px&#8221; use_background_color_gradient=&#8221;on&#8221; background_image=&#8221;https:\/\/dgira.es\/wp-content\/uploads\/2026\/03\/De-Reojo_3-scaled.jpg&#8221; transform_scale=&#8221;102%|102%&#8221; min_height=&#8221;106px&#8221; custom_padding=&#8221;55px||113px|||&#8221; hover_enabled=&#8221;0&#8243; z_index_tablet=&#8221;500&#8243; global_colors_info=&#8221;{}&#8221; sticky_enabled=&#8221;0&#8243; title_text=&#8221;De Reojo_3&#8243;]<\/p>\n<h6><\/h6>\n<h1 class=\"et_pb_module_header et-fb-editable-element et-fb-editable-element__editing\" data-shortcode-id=\"0.0-1606814395730\" data-quickaccess-id=\"title\" contenteditable=\"true\"><\/h1>\n<p>[\/et_pb_fullwidth_header][\/et_pb_section][et_pb_section fb_built=&#8221;1&#8243; _builder_version=&#8221;4.16&#8243; background_color=&#8221;#000000&#8243; custom_padding=&#8221;7px||12px|||&#8221; global_colors_info=&#8221;{}&#8221;][et_pb_row _builder_version=&#8221;4.19.2&#8243; background_size=&#8221;initial&#8221; background_position=&#8221;top_left&#8221; background_repeat=&#8221;repeat&#8221; hover_enabled=&#8221;0&#8243; global_colors_info=&#8221;{}&#8221; sticky_enabled=&#8221;0&#8243;][et_pb_column type=&#8221;4_4&#8243; _builder_version=&#8221;4.16&#8243; custom_padding=&#8221;|||&#8221; global_colors_info=&#8221;{}&#8221; custom_padding__hover=&#8221;|||&#8221;][et_pb_text _builder_version=&#8221;4.27.2&#8243; text_text_color=&#8221;#ffffff&#8221; custom_padding=&#8221;||5px|||&#8221; hover_enabled=&#8221;0&#8243; z_index_tablet=&#8221;500&#8243; global_colors_info=&#8221;{}&#8221; sticky_enabled=&#8221;0&#8243;]<\/p>\n<div class=\"page\" title=\"Page 2\">\n<div class=\"section\">\n<div class=\"layoutArea\">\n<div class=\"column\">\n<p style=\"text-align: justify;\">CAMINANTES DANZA surge por el deseo de contar historias que exploren en la naturaleza del ser humano a trav\u00e9s del movimiento.<br \/>Partiendo de los c\u00f3digos del flamenco y la danza espa\u00f1ola con una mirada actual, se abren a recursos de otras disciplinas; y a la experimentaci\u00f3n coreogr\u00e1fica y esc\u00e9nica. El prop\u00f3sito de sus creaciones es hacer un viaje de ida y vuelta\u00a0<strong>de lo imaginario a lo real, de lo cotidiano a lo so\u00f1ado<\/strong>. Desde 2011 han realizado actuaciones en Espa\u00f1a, Portugal, Bulgaria, Italia, Israel, Chile, Argentina, Ecuador, Brasil, China, Jap\u00f3n y Tailandia con el apoyo y colaboraci\u00f3n del INAEM, Comunidad de Madrid, Ayuntamiento de Madrid, AECID, AC\/E, Fundaci\u00f3n SGAE y Fundaci\u00f3n Fr\u00e9deric Mompou.<\/p>\n<p style=\"text-align: justify;\"><strong>Sobre los int\u00e9rpretes y Core\u00f3grafos<\/strong><br \/>Artistas vers\u00e1tiles con una amplia trayectoria en compa\u00f1\u00edas como el Ballet Nacional de Espa\u00f1a, Antonio Canales, Karine Saporta o Ricardo Franco, entre las m\u00e1s destacables.\u00a0<strong>Pepa Sanz\u00a0<\/strong>y\u00a0<strong>Jos\u00e9 Merino<\/strong>\u00a0llevan m\u00e1s de 2 d\u00e9cadas inmersos en proyectos, audaces y renovadores del flamenco y la danza espa\u00f1ola, colaborando con artistas de diferentes estilos y disciplinas. Trabajan de forma conjunta desde 2011, enfoc\u00e1ndose en la Danza-Teatro desde el lenguaje &#8220;Flamenco-Contempor\u00e1neo&#8221;.<\/p>\n<\/div>\n<\/div>\n<\/div>\n<\/div>\n<p>[\/et_pb_text][et_pb_text _builder_version=&#8221;4.27.2&#8243; text_text_color=&#8221;#ffffff&#8221; custom_padding=&#8221;||5px|||&#8221; hover_enabled=&#8221;0&#8243; z_index_tablet=&#8221;500&#8243; global_colors_info=&#8221;{}&#8221; sticky_enabled=&#8221;0&#8243;]<\/p>\n<p>https:\/\/www.caminantesdanza.com\/<\/p>\n<p>[\/et_pb_text][\/et_pb_column][\/et_pb_row][\/et_pb_section][et_pb_section fb_built=&#8221;1&#8243; fullwidth=&#8221;on&#8221; _builder_version=&#8221;4.16&#8243; global_colors_info=&#8221;{}&#8221;][et_pb_fullwidth_header title=&#8221;Espect\u00e1culos&#8221; _builder_version=&#8221;4.16&#8243; title_font=&#8221;|700|||||||&#8221; background_color=&#8221;rgba(0,0,0,0.87)&#8221; custom_padding=&#8221;12px||7px|||&#8221; global_colors_info=&#8221;{}&#8221;]<br \/>\n[\/et_pb_fullwidth_header][\/et_pb_section][et_pb_section fb_built=&#8221;1&#8243; _builder_version=&#8221;4.19.2&#8243; background_color=&#8221;#000000&#8243; custom_padding=&#8221;7px||12px|||&#8221; global_colors_info=&#8221;{}&#8221;][et_pb_row column_structure=&#8221;1_3,2_3&#8243; _builder_version=&#8221;4.19.2&#8243; background_size=&#8221;initial&#8221; background_position=&#8221;top_left&#8221; background_repeat=&#8221;repeat&#8221; custom_padding=&#8221;7px||3px|||&#8221; global_colors_info=&#8221;{}&#8221;][et_pb_column type=&#8221;1_3&#8243; _builder_version=&#8221;4.16&#8243; custom_padding=&#8221;|||&#8221; global_colors_info=&#8221;{}&#8221; custom_padding__hover=&#8221;|||&#8221;][et_pb_image src=&#8221;https:\/\/dgira.es\/wp-content\/uploads\/2026\/03\/De-Reojo_3-scaled.jpg&#8221; title_text=&#8221;De Reojo_3&#8243; show_in_lightbox=&#8221;on&#8221; force_fullwidth=&#8221;on&#8221; align_tablet=&#8221;center&#8221; align_phone=&#8221;&#8221; align_last_edited=&#8221;on|desktop&#8221; _builder_version=&#8221;4.27.2&#8243; hover_enabled=&#8221;0&#8243; z_index_tablet=&#8221;500&#8243; global_colors_info=&#8221;{}&#8221; sticky_enabled=&#8221;0&#8243;]<br \/>\n[\/et_pb_image][\/et_pb_column][et_pb_column type=&#8221;2_3&#8243; _builder_version=&#8221;4.16&#8243; custom_padding=&#8221;|||&#8221; global_colors_info=&#8221;{}&#8221; custom_padding__hover=&#8221;|||&#8221;][et_pb_text _builder_version=&#8221;4.27.2&#8243; custom_padding=&#8221;1px|||||&#8221; hover_enabled=&#8221;0&#8243; z_index_tablet=&#8221;500&#8243; global_colors_info=&#8221;{}&#8221; sticky_enabled=&#8221;0&#8243;]<\/p>\n<p style=\"text-align: justify;\"><span color=\"#e2e2e2\" style=\"color: #ffffff;\">&#8220;<\/span><\/p>\n<p style=\"text-align: justify;\"><span style=\"color: #ffffff;\"><strong>Dos mujeres, dos hombres y lo que aparece furtivamente por el rabillo del ojo.<\/strong><\/span><br \/><span style=\"color: #ffffff;\"><strong><em>De Reojo<\/em><\/strong> explora la dualidad entre lo visible y lo escondido, en los secretos que surgen en los v\u00ednculos humanos, descubriendo emociones que respiran en los cuerpos a trav\u00e9s del movimiento, el ritmo, el gesto y la emoci\u00f3n.<\/span><\/p>\n<p style=\"text-align: justify;\"><span style=\"color: #ffffff;\">Una obra llena de latidos, silencios resonantes, impulsos y miradas suspendidas en el aire, que desvelan historias que, m\u00e1s que contarse, invitan a imaginar.<\/span><\/p>\n<p><strong>\u00a0<\/strong><\/p>\n<p>[\/et_pb_text][\/et_pb_column][\/et_pb_row][et_pb_row column_structure=&#8221;1_4,1_4,1_4,1_4&#8243; _builder_version=&#8221;4.16&#8243; custom_margin=&#8221;-6px|auto||auto||&#8221; custom_padding=&#8221;6px|||||&#8221; global_colors_info=&#8221;{}&#8221;][et_pb_column type=&#8221;1_4&#8243; _builder_version=&#8221;4.16&#8243; custom_padding=&#8221;|||&#8221; global_colors_info=&#8221;{}&#8221; custom_padding__hover=&#8221;|||&#8221;][\/et_pb_column][et_pb_column type=&#8221;1_4&#8243; _builder_version=&#8221;4.19.2&#8243; _module_preset=&#8221;default&#8221; global_colors_info=&#8221;{}&#8221;][et_pb_button button_url=&#8221;https:\/\/www.thomasnoonedance.com\/es\/calendario&#8221; button_text=&#8221;AGENDA&#8221; _builder_version=&#8221;4.19.2&#8243; _module_preset=&#8221;default&#8221; global_colors_info=&#8221;{}&#8221;][\/et_pb_button][\/et_pb_column][et_pb_column type=&#8221;1_4&#8243; _builder_version=&#8221;4.16&#8243; custom_padding=&#8221;|||&#8221; global_colors_info=&#8221;{}&#8221; custom_padding__hover=&#8221;|||&#8221;][et_pb_button button_url=&#8221;https:\/\/vimeo.com\/740743782&#8243; url_new_window=&#8221;on&#8221; button_text=&#8221;Video&#8221; button_alignment=&#8221;center&#8221; _builder_version=&#8221;4.19.2&#8243; custom_button=&#8221;on&#8221; button_text_size=&#8221;18px&#8221; button_text_color=&#8221;#ffffff&#8221; button_bg_color=&#8221;rgba(124,218,36,0)&#8221; button_border_color=&#8221;#ffffff&#8221; button_border_radius=&#8221;2px&#8221; button_font=&#8221;|700|||||||&#8221; button_icon_color=&#8221;#ffffff&#8221; z_index_tablet=&#8221;500&#8243; global_colors_info=&#8221;{}&#8221;]<br \/>\n[\/et_pb_button][\/et_pb_column][et_pb_column type=&#8221;1_4&#8243; _builder_version=&#8221;4.16&#8243; custom_padding=&#8221;|||&#8221; global_colors_info=&#8221;{}&#8221; custom_padding__hover=&#8221;|||&#8221;][et_pb_button button_url=&#8221;https:\/\/dgira.es\/wp-content\/uploads\/2023\/02\/La-gata-6-CAST.pdf&#8221; url_new_window=&#8221;on&#8221; button_text=&#8221;Dossier&#8221; button_alignment=&#8221;center&#8221; _builder_version=&#8221;4.19.2&#8243; custom_button=&#8221;on&#8221; button_text_size=&#8221;18px&#8221; button_text_color=&#8221;#ffffff&#8221; button_bg_color=&#8221;rgba(124,218,36,0)&#8221; button_border_color=&#8221;#ffffff&#8221; button_border_radius=&#8221;2px&#8221; button_font=&#8221;|700|||||||&#8221; button_icon_color=&#8221;#ffffff&#8221; z_index_tablet=&#8221;500&#8243; global_colors_info=&#8221;{}&#8221;]<br \/>\n[\/et_pb_button][\/et_pb_column][\/et_pb_row][et_pb_row _builder_version=&#8221;4.16&#8243; custom_margin=&#8221;|auto|-29px|auto||&#8221; global_colors_info=&#8221;{}&#8221;][et_pb_column type=&#8221;4_4&#8243; _builder_version=&#8221;4.16&#8243; custom_padding=&#8221;|||&#8221; global_colors_info=&#8221;{}&#8221; custom_padding__hover=&#8221;|||&#8221;][et_pb_divider _builder_version=&#8221;4.16&#8243; global_colors_info=&#8221;{}&#8221;]<br \/>\n[\/et_pb_divider][\/et_pb_column][\/et_pb_row][et_pb_row _builder_version=&#8221;4.19.2&#8243; hover_enabled=&#8221;0&#8243; locked=&#8221;off&#8221; global_colors_info=&#8221;{}&#8221; sticky_enabled=&#8221;0&#8243;][et_pb_column type=&#8221;4_4&#8243; _builder_version=&#8221;4.16&#8243; global_colors_info=&#8221;{}&#8221;][et_pb_gallery gallery_ids=&#8221;2462,2461,2460,2459,2458,2457,2448,2447&#8243; show_title_and_caption=&#8221;off&#8221; _builder_version=&#8221;4.27.2&#8243; hover_enabled=&#8221;0&#8243; global_colors_info=&#8221;{}&#8221; sticky_enabled=&#8221;0&#8243;][\/et_pb_gallery][\/et_pb_column][\/et_pb_row][\/et_pb_section]<\/p>","protected":false},"excerpt":{"rendered":"<p>CAMINANTES DANZA surge por el deseo de contar historias que exploren en la naturaleza del ser humano a trav\u00e9s del movimiento.Partiendo de los c\u00f3digos del flamenco y la danza espa\u00f1ola con una mirada actual, se abren a recursos de otras disciplinas; y a la experimentaci\u00f3n coreogr\u00e1fica y esc\u00e9nica. El prop\u00f3sito de sus creaciones es hacer [&hellip;]<\/p>","protected":false},"author":2,"featured_media":0,"parent":0,"menu_order":0,"comment_status":"closed","ping_status":"closed","template":"","meta":{"_et_pb_use_builder":"on","_et_pb_old_content":"","_et_gb_content_width":"","spay_email":"","footnotes":""},"class_list":["post-2453","page","type-page","status-publish","hentry"],"_links":{"self":[{"href":"https:\/\/dgira.es\/en\/wp-json\/wp\/v2\/pages\/2453"}],"collection":[{"href":"https:\/\/dgira.es\/en\/wp-json\/wp\/v2\/pages"}],"about":[{"href":"https:\/\/dgira.es\/en\/wp-json\/wp\/v2\/types\/page"}],"author":[{"embeddable":true,"href":"https:\/\/dgira.es\/en\/wp-json\/wp\/v2\/users\/2"}],"replies":[{"embeddable":true,"href":"https:\/\/dgira.es\/en\/wp-json\/wp\/v2\/comments?post=2453"}],"version-history":[{"count":3,"href":"https:\/\/dgira.es\/en\/wp-json\/wp\/v2\/pages\/2453\/revisions"}],"predecessor-version":[{"id":2465,"href":"https:\/\/dgira.es\/en\/wp-json\/wp\/v2\/pages\/2453\/revisions\/2465"}],"wp:attachment":[{"href":"https:\/\/dgira.es\/en\/wp-json\/wp\/v2\/media?parent=2453"}],"curies":[{"name":"wp","href":"https:\/\/api.w.org\/{rel}","templated":true}]}}