{"id":214,"date":"2019-05-15T16:46:54","date_gmt":"2019-05-15T16:46:54","guid":{"rendered":"http:\/\/dgira.es\/?page_id=214"},"modified":"2026-03-20T12:15:59","modified_gmt":"2026-03-20T12:15:59","slug":"companias","status":"publish","type":"page","link":"https:\/\/dgira.es\/en\/companias","title":{"rendered":"Compa\u00f1\u00edas"},"content":{"rendered":"<p>[et_pb_section fb_built=&#8221;1&#8243; fullwidth=&#8221;on&#8221; _builder_version=&#8221;4.16&#8243; custom_margin=&#8221;||-23px|||&#8221; global_colors_info=&#8221;{}&#8221;][et_pb_fullwidth_header title=&#8221;COMPA\u00d1IAS&#8221; _builder_version=&#8221;4.16&#8243; title_font=&#8221;|800|||||||&#8221; title_font_size=&#8221;37px&#8221; background_color=&#8221;#000000&#8243; min_height=&#8221;113px&#8221; custom_padding=&#8221;||3px|18px||&#8221; z_index_tablet=&#8221;500&#8243; global_colors_info=&#8221;{}&#8221;][\/et_pb_fullwidth_header][et_pb_fullwidth_header title=&#8221;Thomas Noone Dance&#8221; subhead=&#8221;Danza&#8221; button_one_text=&#8221;Ir a compa\u00f1\u00eda&#8221; button_one_url=&#8221;https:\/\/dgira.es\/thomasnoone&#8221; image_orientation=&#8221;bottom&#8221; admin_label=&#8221;Teatro del Gallinero&#8221; _builder_version=&#8221;4.19.2&#8243; title_font=&#8221;|800|||||||&#8221; title_font_size=&#8221;34px&#8221; content_font_size=&#8221;13px&#8221; content_line_height=&#8221;2.5em&#8221; subhead_font=&#8221;|700|||||||&#8221; subhead_font_size=&#8221;19px&#8221; subhead_line_height=&#8221;2.2em&#8221; use_background_color_gradient=&#8221;on&#8221; background_image=&#8221;https:\/\/dgira.es\/wp-content\/uploads\/2023\/02\/hector-scaled.jpg&#8221; min_height=&#8221;366px&#8221; custom_margin=&#8221;-28px|||||&#8221; custom_padding=&#8221;70px|||51px||&#8221; link_option_url=&#8221;#&#8221; z_index_tablet=&#8221;500&#8243; global_colors_info=&#8221;{}&#8221;][\/et_pb_fullwidth_header][et_pb_fullwidth_header title=&#8221;Teatro S\u00f3&#8221; subhead=&#8221;Poes\u00eda visual, calle&#8221; button_one_text=&#8221;Ir a compa\u00f1\u00eda&#8221; button_one_url=&#8221;https:\/\/dgira.es\/teatroso&#8221; background_overlay_color=&#8221;rgba(0,0,0,0.26)&#8221; image_orientation=&#8221;bottom&#8221; admin_label=&#8221;Chamarcas compa\u00f1\u00eda de danza&#8221; _builder_version=&#8221;4.16&#8243; title_font=&#8221;|800|||||||&#8221; title_text_color=&#8221;#ffffff&#8221; title_font_size=&#8221;34px&#8221; content_font_size=&#8221;13px&#8221; content_line_height=&#8221;2.5em&#8221; subhead_font=&#8221;|700|||||||&#8221; subhead_font_size=&#8221;19px&#8221; subhead_line_height=&#8221;2.2em&#8221; use_background_color_gradient=&#8221;on&#8221; background_image=&#8221;https:\/\/dgira.es\/wp-content\/uploads\/2022\/01\/Cabecera-1920&#215;600-2-copia.jpg&#8221; custom_button_one=&#8221;on&#8221; button_one_bg_color=&#8221;rgba(0,0,0,0.27)&#8221; button_one_font=&#8221;|600|||||||&#8221; min_height=&#8221;332px&#8221; custom_margin=&#8221;11px||38px|||&#8221; custom_padding=&#8221;62px|7px|128px|47px||&#8221; link_option_url=&#8221;#&#8221; z_index_tablet=&#8221;500&#8243; title_text_shadow_style=&#8221;preset4&#8243; title_text_shadow_vertical_length=&#8221;0.12em&#8221; subhead_text_shadow_style=&#8221;preset4&#8243; subhead_text_shadow_horizontal_length=&#8221;0.15em&#8221; global_colors_info=&#8221;{}&#8221;][\/et_pb_fullwidth_header][et_pb_fullwidth_header title=&#8221;Spasmo Teatro&#8221; subhead=&#8221;Humor gestual&#8221; button_one_text=&#8221;Ir a compa\u00f1\u00eda&#8221; button_one_url=&#8221;https:\/\/dgira.es\/spasmo-teatro&#8221; background_overlay_color=&#8221;rgba(0,0,0,0.26)&#8221; image_orientation=&#8221;bottom&#8221; admin_label=&#8221;Trapu Zaharra&#8221; _builder_version=&#8221;4.16&#8243; title_font=&#8221;|800|||||||&#8221; title_text_color=&#8221;#ffffff&#8221; title_font_size=&#8221;34px&#8221; content_font_size=&#8221;13px&#8221; content_line_height=&#8221;2.5em&#8221; subhead_font=&#8221;|700|||||||&#8221; subhead_font_size=&#8221;19px&#8221; subhead_line_height=&#8221;2.2em&#8221; use_background_color_gradient=&#8221;on&#8221; background_image=&#8221;https:\/\/dgira.es\/wp-content\/uploads\/2020\/11\/ViajeCuerpoHumanoSpasmo1-e1606816662450.jpg&#8221; custom_button_one=&#8221;on&#8221; button_one_bg_color=&#8221;rgba(0,0,0,0.27)&#8221; button_one_font=&#8221;|600|||||||&#8221; min_height=&#8221;332px&#8221; custom_margin=&#8221;9px||38px|||&#8221; custom_padding=&#8221;62px|7px|128px|47px||&#8221; link_option_url=&#8221;#&#8221; z_index_tablet=&#8221;500&#8243; title_text_shadow_style=&#8221;preset4&#8243; title_text_shadow_vertical_length=&#8221;0.12em&#8221; subhead_text_shadow_style=&#8221;preset4&#8243; subhead_text_shadow_horizontal_length=&#8221;0.15em&#8221; global_colors_info=&#8221;{}&#8221;][\/et_pb_fullwidth_header][et_pb_fullwidth_header title=&#8221;Proyecto Larrua&#8221; subhead=&#8221;Danza contempor\u00e1nea&#8221; button_one_text=&#8221;Ir a compa\u00f1\u00eda&#8221; button_one_url=&#8221;http:\/\/proyectolarrua.com\/&#8221; background_overlay_color=&#8221;rgba(0,0,0,0.26)&#8221; image_orientation=&#8221;bottom&#8221; admin_label=&#8221;Trapu Zaharra&#8221; _builder_version=&#8221;4.19.2&#8243; title_font=&#8221;|800|||||||&#8221; title_text_color=&#8221;#ffffff&#8221; title_font_size=&#8221;34px&#8221; content_font_size=&#8221;13px&#8221; content_line_height=&#8221;2.5em&#8221; subhead_font=&#8221;|700|||||||&#8221; subhead_font_size=&#8221;19px&#8221; subhead_line_height=&#8221;2.2em&#8221; use_background_color_gradient=&#8221;on&#8221; background_image=&#8221;https:\/\/dgira.es\/wp-content\/uploads\/2023\/11\/Vertical2022.11.14-La-Casa-Vacia-Vertical-scaled.jpg&#8221; custom_button_one=&#8221;on&#8221; button_one_bg_color=&#8221;rgba(0,0,0,0.27)&#8221; button_one_font=&#8221;|600|||||||&#8221; min_height=&#8221;332px&#8221; custom_margin=&#8221;9px||38px|||&#8221; custom_padding=&#8221;62px|7px|128px|47px||&#8221; link_option_url=&#8221;#&#8221; z_index_tablet=&#8221;500&#8243; title_text_shadow_style=&#8221;preset4&#8243; title_text_shadow_vertical_length=&#8221;0.12em&#8221; subhead_text_shadow_style=&#8221;preset4&#8243; subhead_text_shadow_horizontal_length=&#8221;0.15em&#8221; global_colors_info=&#8221;{}&#8221;][\/et_pb_fullwidth_header][et_pb_fullwidth_header title=&#8221;Teatro Che y Moche&#8221; subhead=&#8221;Teatro musical y de texto&#8221; button_one_text=&#8221;Ir a compa\u00f1\u00eda&#8221; button_one_url=&#8221;https:\/\/dgira.es\/chemo&#8221; background_overlay_color=&#8221;rgba(0,0,0,0.26)&#8221; image_orientation=&#8221;bottom&#8221; admin_label=&#8221;Trapu Zaharra&#8221; _builder_version=&#8221;4.16&#8243; title_font=&#8221;|800|||||||&#8221; title_text_color=&#8221;#ffffff&#8221; title_font_size=&#8221;34px&#8221; content_font_size=&#8221;13px&#8221; content_line_height=&#8221;2.5em&#8221; subhead_font=&#8221;|700|||||||&#8221; subhead_font_size=&#8221;19px&#8221; subhead_line_height=&#8221;2.2em&#8221; use_background_color_gradient=&#8221;on&#8221; background_image=&#8221;https:\/\/dgira.es\/wp-content\/uploads\/2022\/10\/MG_1399-R-scaled.jpg&#8221; custom_button_one=&#8221;on&#8221; button_one_bg_color=&#8221;rgba(0,0,0,0.27)&#8221; button_one_font=&#8221;|600|||||||&#8221; min_height=&#8221;332px&#8221; custom_margin=&#8221;9px||38px|||&#8221; custom_padding=&#8221;62px|7px|128px|47px||&#8221; z_index_tablet=&#8221;500&#8243; title_text_shadow_style=&#8221;preset4&#8243; title_text_shadow_vertical_length=&#8221;0.12em&#8221; subhead_text_shadow_style=&#8221;preset4&#8243; subhead_text_shadow_horizontal_length=&#8221;0.15em&#8221; global_colors_info=&#8221;{}&#8221;][\/et_pb_fullwidth_header][et_pb_fullwidth_header title=&#8221;Paco Mir\/El perro producciones&#8221; subhead=&#8221;Teatro &#8221; button_one_text=&#8221;Ir a compa\u00f1\u00eda&#8221; button_one_url=&#8221;https:\/\/dgira.es\/Paco-mir&#8221; background_overlay_color=&#8221;rgba(0,0,0,0.26)&#8221; image_orientation=&#8221;bottom&#8221; admin_label=&#8221;Trapu Zaharra&#8221; _builder_version=&#8221;4.16&#8243; title_font=&#8221;|800|||||||&#8221; title_text_color=&#8221;#ffffff&#8221; title_font_size=&#8221;34px&#8221; content_font_size=&#8221;13px&#8221; content_line_height=&#8221;2.5em&#8221; subhead_font=&#8221;|700|||||||&#8221; subhead_font_size=&#8221;19px&#8221; subhead_line_height=&#8221;2.2em&#8221; use_background_color_gradient=&#8221;on&#8221; background_image=&#8221;https:\/\/dgira.es\/wp-content\/uploads\/2022\/11\/EL-PERRO-DEFINITIVAS-32-scaled.jpg&#8221; background_position=&#8221;top_center&#8221; custom_button_one=&#8221;on&#8221; button_one_bg_color=&#8221;rgba(0,0,0,0.27)&#8221; button_one_font=&#8221;|600|||||||&#8221; min_height=&#8221;332px&#8221; custom_margin=&#8221;9px||38px|||&#8221; custom_padding=&#8221;62px|7px|128px|47px||&#8221; z_index_tablet=&#8221;500&#8243; title_text_shadow_style=&#8221;preset4&#8243; title_text_shadow_vertical_length=&#8221;0.12em&#8221; subhead_text_shadow_style=&#8221;preset4&#8243; subhead_text_shadow_horizontal_length=&#8221;0.15em&#8221; global_colors_info=&#8221;{}&#8221;][\/et_pb_fullwidth_header][et_pb_fullwidth_header title=&#8221;Javier Tirado&#8221; subhead=&#8221;T\u00edteres&#8221; button_one_text=&#8221;Ir a compa\u00f1\u00eda&#8221; button_one_url=&#8221;https:\/\/dgira.es\/javier-tirado&#8221; background_overlay_color=&#8221;rgba(0,0,0,0.26)&#8221; image_orientation=&#8221;bottom&#8221; admin_label=&#8221;Trapu Zaharra&#8221; _builder_version=&#8221;4.19.2&#8243; title_font=&#8221;|800|||||||&#8221; title_text_color=&#8221;#ffffff&#8221; title_font_size=&#8221;34px&#8221; content_font_size=&#8221;13px&#8221; content_line_height=&#8221;2.5em&#8221; subhead_font=&#8221;|700|||||||&#8221; subhead_font_size=&#8221;19px&#8221; subhead_line_height=&#8221;2.2em&#8221; use_background_color_gradient=&#8221;on&#8221; background_image=&#8221;https:\/\/dgira.es\/wp-content\/uploads\/2022\/04\/NADA-8-scaled.jpg&#8221; custom_button_one=&#8221;on&#8221; button_one_bg_color=&#8221;rgba(0,0,0,0.27)&#8221; button_one_font=&#8221;|600|||||||&#8221; min_height=&#8221;332px&#8221; custom_margin=&#8221;9px||38px|||&#8221; custom_padding=&#8221;62px|7px|128px|47px||&#8221; z_index_tablet=&#8221;500&#8243; title_text_shadow_style=&#8221;preset4&#8243; title_text_shadow_vertical_length=&#8221;0.12em&#8221; subhead_text_shadow_style=&#8221;preset4&#8243; subhead_text_shadow_horizontal_length=&#8221;0.15em&#8221; global_colors_info=&#8221;{}&#8221;][\/et_pb_fullwidth_header][et_pb_fullwidth_header title=&#8221;Cie Bruboc&#8221; subhead=&#8221;Clown, calle y sala&#8221; button_one_text=&#8221;Ir a compa\u00f1\u00eda&#8221; button_one_url=&#8221;https:\/\/dgira.es\/bruboc&#8221; background_overlay_color=&#8221;rgba(0,0,0,0.26)&#8221; image_orientation=&#8221;bottom&#8221; admin_label=&#8221;Trapu Zaharra&#8221; _builder_version=&#8221;4.19.2&#8243; title_font=&#8221;|800|||||||&#8221; title_text_color=&#8221;#ffffff&#8221; title_font_size=&#8221;34px&#8221; content_font_size=&#8221;13px&#8221; content_line_height=&#8221;2.5em&#8221; subhead_font=&#8221;|700|||||||&#8221; subhead_font_size=&#8221;19px&#8221; subhead_line_height=&#8221;2.2em&#8221; use_background_color_gradient=&#8221;on&#8221; background_image=&#8221;https:\/\/dgira.es\/wp-content\/uploads\/2024\/03\/WOOW-Foto-Mario-Lensi.jpg&#8221; background_position=&#8221;top_center&#8221; custom_button_one=&#8221;on&#8221; button_one_bg_color=&#8221;rgba(0,0,0,0.27)&#8221; button_one_font=&#8221;|600|||||||&#8221; min_height=&#8221;332px&#8221; custom_margin=&#8221;9px||38px|||&#8221; custom_padding=&#8221;62px|7px|128px|47px||&#8221; z_index_tablet=&#8221;500&#8243; title_text_shadow_style=&#8221;preset4&#8243; title_text_shadow_vertical_length=&#8221;0.12em&#8221; subhead_text_shadow_style=&#8221;preset4&#8243; subhead_text_shadow_horizontal_length=&#8221;0.15em&#8221; global_colors_info=&#8221;{}&#8221;][\/et_pb_fullwidth_header][et_pb_fullwidth_header title=&#8221;O \u00daltimo Momento&#8221; subhead=&#8221;Circo, calle y sala&#8221; button_one_text=&#8221;Ir a compa\u00f1\u00eda&#8221; button_one_url=&#8221;https:\/\/dgira.es\/o-ultimo-momento&#8221; background_overlay_color=&#8221;rgba(0,0,0,0.26)&#8221; image_orientation=&#8221;bottom&#8221; admin_label=&#8221;Trapu Zaharra&#8221; _builder_version=&#8221;4.19.2&#8243; title_font=&#8221;|800|||||||&#8221; title_text_color=&#8221;#ffffff&#8221; title_font_size=&#8221;34px&#8221; content_font_size=&#8221;13px&#8221; content_line_height=&#8221;2.5em&#8221; subhead_font=&#8221;|700|||||||&#8221; subhead_font_size=&#8221;19px&#8221; subhead_line_height=&#8221;2.2em&#8221; use_background_color_gradient=&#8221;on&#8221; background_image=&#8221;https:\/\/dgira.es\/wp-content\/uploads\/2024\/03\/une-partie-de-soi-107.jpg&#8221; background_position=&#8221;top_center&#8221; custom_button_one=&#8221;on&#8221; button_one_bg_color=&#8221;rgba(0,0,0,0.27)&#8221; button_one_font=&#8221;|600|||||||&#8221; min_height=&#8221;332px&#8221; custom_margin=&#8221;9px||38px|||&#8221; custom_padding=&#8221;62px|7px|128px|47px||&#8221; z_index_tablet=&#8221;500&#8243; title_text_shadow_style=&#8221;preset4&#8243; title_text_shadow_vertical_length=&#8221;0.12em&#8221; subhead_text_shadow_style=&#8221;preset4&#8243; subhead_text_shadow_horizontal_length=&#8221;0.15em&#8221; global_colors_info=&#8221;{}&#8221;][\/et_pb_fullwidth_header][et_pb_fullwidth_header title=&#8221;Caminantes Danza&#8221; subhead=&#8221;Flamenco contempor\u00e1neo, calle y sala&#8221; button_one_text=&#8221;Ir a compa\u00f1\u00eda&#8221; button_one_url=&#8221;https:\/\/dgira.es\/caminantes&#8221; background_overlay_color=&#8221;rgba(0,0,0,0.26)&#8221; image_orientation=&#8221;bottom&#8221; admin_label=&#8221;Trapu Zaharra&#8221; _builder_version=&#8221;4.27.2&#8243; title_font=&#8221;|800|||||||&#8221; title_text_color=&#8221;#ffffff&#8221; title_font_size=&#8221;34px&#8221; content_font_size=&#8221;13px&#8221; content_line_height=&#8221;2.5em&#8221; subhead_font=&#8221;|700|||||||&#8221; subhead_font_size=&#8221;19px&#8221; subhead_line_height=&#8221;2.2em&#8221; use_background_color_gradient=&#8221;on&#8221; background_image=&#8221;https:\/\/dgira.es\/wp-content\/uploads\/2026\/03\/porvenir-2204-21.jpg&#8221; background_position=&#8221;top_center&#8221; custom_button_one=&#8221;on&#8221; button_one_bg_color=&#8221;rgba(0,0,0,0.27)&#8221; button_one_font=&#8221;|600|||||||&#8221; min_height=&#8221;332px&#8221; custom_margin=&#8221;9px||38px|||&#8221; custom_padding=&#8221;62px|7px|128px|47px||&#8221; hover_enabled=&#8221;0&#8243; z_index_tablet=&#8221;500&#8243; title_text_shadow_style=&#8221;preset4&#8243; title_text_shadow_vertical_length=&#8221;0.12em&#8221; subhead_text_shadow_style=&#8221;preset4&#8243; subhead_text_shadow_horizontal_length=&#8221;0.15em&#8221; global_colors_info=&#8221;{}&#8221; title_text=&#8221;porvenir-2204-21&#8243; sticky_enabled=&#8221;0&#8243;][\/et_pb_fullwidth_header][\/et_pb_section]<\/p>","protected":false},"excerpt":{"rendered":"","protected":false},"author":1,"featured_media":0,"parent":0,"menu_order":0,"comment_status":"closed","ping_status":"closed","template":"","meta":{"_et_pb_use_builder":"on","_et_pb_old_content":"","_et_gb_content_width":"","spay_email":"","footnotes":""},"class_list":["post-214","page","type-page","status-publish","hentry"],"_links":{"self":[{"href":"https:\/\/dgira.es\/en\/wp-json\/wp\/v2\/pages\/214"}],"collection":[{"href":"https:\/\/dgira.es\/en\/wp-json\/wp\/v2\/pages"}],"about":[{"href":"https:\/\/dgira.es\/en\/wp-json\/wp\/v2\/types\/page"}],"author":[{"embeddable":true,"href":"https:\/\/dgira.es\/en\/wp-json\/wp\/v2\/users\/1"}],"replies":[{"embeddable":true,"href":"https:\/\/dgira.es\/en\/wp-json\/wp\/v2\/comments?post=214"}],"version-history":[{"count":97,"href":"https:\/\/dgira.es\/en\/wp-json\/wp\/v2\/pages\/214\/revisions"}],"predecessor-version":[{"id":2469,"href":"https:\/\/dgira.es\/en\/wp-json\/wp\/v2\/pages\/214\/revisions\/2469"}],"wp:attachment":[{"href":"https:\/\/dgira.es\/en\/wp-json\/wp\/v2\/media?parent=214"}],"curies":[{"name":"wp","href":"https:\/\/api.w.org\/{rel}","templated":true}]}}