{"id":1585,"date":"2023-11-03T11:42:02","date_gmt":"2023-11-03T11:42:02","guid":{"rendered":"https:\/\/dgira.es\/?page_id=1585"},"modified":"2025-03-26T10:02:06","modified_gmt":"2025-03-26T10:02:06","slug":"proyecto-larrua","status":"publish","type":"page","link":"https:\/\/dgira.es\/en\/proyecto-larrua","title":{"rendered":"Proyecto Larrua"},"content":{"rendered":"<p>[et_pb_section fb_built=&#8221;1&#8243; fullwidth=&#8221;on&#8221; _builder_version=&#8221;4.19.2&#8243; background_image=&#8221;https:\/\/dgira.es\/wp-content\/uploads\/2023\/11\/2022.11.14-La-Casa-Vacia-0042-scaled.jpg&#8221; global_colors_info=&#8221;{}&#8221;][et_pb_fullwidth_header title=&#8221;PROYECTO LARRUA&#8221; subhead=&#8221;DANZA (Distribuci\u00f3n nacional e internacional)&#8221; background_overlay_color=&#8221;rgba(0,0,0,0.48)&#8221; title_last_edited=&#8221;off|desktop&#8221; subhead_tablet=&#8221;&#8221; subhead_phone=&#8221;&#8221; subhead_last_edited=&#8221;on|desktop&#8221; _builder_version=&#8221;4.19.2&#8243; title_font=&#8221;|800|||||||&#8221; title_text_align=&#8221;left&#8221; title_text_color=&#8221;#ffffff&#8221; title_line_height=&#8221;1.3em&#8221; subhead_font=&#8221;|700|||||||&#8221; subhead_text_color=&#8221;#ffffff&#8221; subhead_letter_spacing=&#8221;1px&#8221; use_background_color_gradient=&#8221;on&#8221; background_image=&#8221;https:\/\/dgira.es\/wp-content\/uploads\/2024\/03\/Idi_Garachico1.jpg&#8221; transform_scale=&#8221;102%|102%&#8221; min_height=&#8221;106px&#8221; custom_padding=&#8221;55px||113px|||&#8221; z_index_tablet=&#8221;500&#8243; global_colors_info=&#8221;{}&#8221;]<\/p>\n<h6><\/h6>\n<h1 class=\"et_pb_module_header et-fb-editable-element et-fb-editable-element__editing\" data-shortcode-id=\"0.0-1606814395730\" data-quickaccess-id=\"title\" contenteditable=\"true\"><\/h1>\n<p>[\/et_pb_fullwidth_header][\/et_pb_section][et_pb_section fb_built=&#8221;1&#8243; _builder_version=&#8221;4.16&#8243; background_color=&#8221;#000000&#8243; custom_padding=&#8221;7px||12px|||&#8221; global_colors_info=&#8221;{}&#8221;][et_pb_row _builder_version=&#8221;4.19.2&#8243; background_size=&#8221;initial&#8221; background_position=&#8221;top_left&#8221; background_repeat=&#8221;repeat&#8221; global_colors_info=&#8221;{}&#8221;][et_pb_column type=&#8221;4_4&#8243; _builder_version=&#8221;4.16&#8243; custom_padding=&#8221;|||&#8221; global_colors_info=&#8221;{}&#8221; custom_padding__hover=&#8221;|||&#8221;][et_pb_text _builder_version=&#8221;4.27.2&#8243; text_text_color=&#8221;#ffffff&#8221; custom_padding=&#8221;||5px|||&#8221; hover_enabled=&#8221;0&#8243; z_index_tablet=&#8221;500&#8243; global_colors_info=&#8221;{}&#8221; sticky_enabled=&#8221;0&#8243;]<\/p>\n<div class=\"page\" title=\"Page 2\">\n<div class=\"section\">\n<div class=\"layoutArea\">\n<div class=\"column\">\n<p style=\"text-align: justify;\"><em><span><strong>PROYECTO LARRUA<\/strong><\/span><\/em><span> \u00a0es una compa\u00f1\u00eda de Danza Contempor\u00e1nea dirigida por<strong> Jordi Vilaseca y Aritz L\u00f3pez<\/strong> con base en Vitoria-Gasteiz. Coreogr\u00e1fica y dramaturgicamente, la compa\u00f1\u00eda tiene una visi\u00f3n personal sobre c\u00f3mo aunar la fisicalidad y la emoci\u00f3n y de como escenificarla, utilizando elementos del imaginario com\u00fan del espectador y contemporanizarlos.\u00a0<\/span>Resultado de esa visi\u00f3n personal son las piezas coreogr\u00e1ficas que forman parte de su repertorio y que han sido representadas en Euskal Herria, Espa\u00f1a, Europa, Am\u00e9rica Central y Asia. En festivales como Madrid en Danza, Cadiz en Danza, Mes de Danza de Sevilla, Dferia, Festival de Artes Esc\u00e9nicas de Costa Rica, Fest\u00b4arts, y New Dance International Festival de Corea. Proyecto Larrua tiene un especial inter\u00e9s en la creaci\u00f3n de piezas para espacios urbanos y no convencionales debido a los nuevos contextos que se crean por el p\u00fablico y la relaci\u00f3n que se genera con los mismos. Algunas de estas piezas han recibido reconocimientos en festivales como MasDanza o Umore Azoka de Leioa donde fueron galardonados como mejor compa\u00f1\u00eda emergente. Adem\u00e1s han realizado creaciones por encargo para instituciones como UNESCO.<\/p>\n<p style=\"text-align: justify;\">M\u00e1 informaci\u00f3n acerca de la compa\u00f1\u00eda en :<\/p>\n<\/div>\n<\/div>\n<\/div>\n<\/div>\n<p>[\/et_pb_text][et_pb_text _builder_version=&#8221;4.19.2&#8243; text_text_color=&#8221;#ffffff&#8221; custom_padding=&#8221;1px||5px|||&#8221; z_index_tablet=&#8221;500&#8243; global_colors_info=&#8221;{}&#8221;]<\/p>\n<blockquote class=\"wp-embedded-content\" data-secret=\"sh0nAcZYGe\"><p><a href=\"http:\/\/proyectolarrua.com\/\">Inicio<\/a><\/p><\/blockquote>\n<p><iframe loading=\"lazy\" class=\"wp-embedded-content\" sandbox=\"allow-scripts\" security=\"restricted\" style=\"position: absolute; clip: rect(1px, 1px, 1px, 1px);\" title=\"\u00abInicio\u00bb \u2014 Proyecto Larrua\" src=\"http:\/\/proyectolarrua.com\/embed#?secret=X6JdNWPpkI#?secret=sh0nAcZYGe\" data-secret=\"sh0nAcZYGe\" width=\"600\" height=\"338\" frameborder=\"0\" marginwidth=\"0\" marginheight=\"0\" scrolling=\"no\"><\/iframe><\/p>\n<p>[\/et_pb_text][\/et_pb_column][\/et_pb_row][\/et_pb_section][et_pb_section fb_built=&#8221;1&#8243; fullwidth=&#8221;on&#8221; _builder_version=&#8221;4.16&#8243; global_colors_info=&#8221;{}&#8221;][et_pb_fullwidth_header title=&#8221;Espect\u00e1culos&#8221; _builder_version=&#8221;4.16&#8243; title_font=&#8221;|700|||||||&#8221; background_color=&#8221;rgba(0,0,0,0.87)&#8221; custom_padding=&#8221;12px||7px|||&#8221; global_colors_info=&#8221;{}&#8221;]<br \/>\n[\/et_pb_fullwidth_header][\/et_pb_section][et_pb_section fb_built=&#8221;1&#8243; _builder_version=&#8221;4.19.2&#8243; background_color=&#8221;#000000&#8243; custom_padding=&#8221;7px||12px|||&#8221; global_colors_info=&#8221;{}&#8221;][et_pb_row column_structure=&#8221;1_3,2_3&#8243; _builder_version=&#8221;4.19.2&#8243; background_size=&#8221;initial&#8221; background_position=&#8221;top_left&#8221; background_repeat=&#8221;repeat&#8221; custom_padding=&#8221;7px||3px|||&#8221; global_colors_info=&#8221;{}&#8221;][et_pb_column type=&#8221;1_3&#8243; _builder_version=&#8221;4.16&#8243; custom_padding=&#8221;|||&#8221; global_colors_info=&#8221;{}&#8221; custom_padding__hover=&#8221;|||&#8221;][et_pb_image src=&#8221;https:\/\/dgira.es\/wp-content\/uploads\/2024\/03\/F1A2884-scaled.jpg&#8221; title_text=&#8221;_F1A2884&#8243; show_in_lightbox=&#8221;on&#8221; force_fullwidth=&#8221;on&#8221; align_tablet=&#8221;center&#8221; align_phone=&#8221;&#8221; align_last_edited=&#8221;on|desktop&#8221; _builder_version=&#8221;4.19.2&#8243; z_index_tablet=&#8221;500&#8243; global_colors_info=&#8221;{}&#8221;]<br \/>\n[\/et_pb_image][\/et_pb_column][et_pb_column type=&#8221;2_3&#8243; _builder_version=&#8221;4.16&#8243; custom_padding=&#8221;|||&#8221; global_colors_info=&#8221;{}&#8221; custom_padding__hover=&#8221;|||&#8221;][et_pb_text _builder_version=&#8221;4.19.2&#8243; custom_padding=&#8221;1px|||||&#8221; z_index_tablet=&#8221;500&#8243; global_colors_info=&#8221;{}&#8221;]<\/p>\n<h2><span color=\"#e2e2e2\" style=\"color: #e2e2e2;\"><i>Idi begi<\/i><\/span><\/h2>\n<blockquote>\n<div class=\"page\" title=\"Page 2\">\n<div class=\"layoutArea\">\n<div class=\"column\">\n<p><span style=\"color: #ffffff;\">Todos los p\u00fablicos, calle y espacios singulares.<\/span><\/p>\n<p><span style=\"color: #ffffff;\">Personas en gira: 3<\/span><\/p>\n<p><span style=\"font-size: 14px; color: #ffffff;\"><\/span><\/p>\n<p style=\"text-align: justify;\"><span style=\"color: #ffffff;\">Una pieza de danza contempor\u00e1nea inspirada en las pruebas de arrastre de bueyes conocida como IDI-PROBAK en EuskalHerria, que reflexiona sobre el v\u00ednculo entre el hombre y el animal. Ofrece una mirada on\u00edrica a un mundo rural lleno de paisajes po\u00e9ticos ficticios que cohesionan y conviven con un reconocible espacio sonoro, bajo la mirada y el punto de vista del buey. La dureza del trabajo y fisicalidad del animal, la lucha por la supervivencia y la ansiada libertad son parte de los conceptos que hacen que &#8220;Ojo de buey&#8221; se cuestione:<\/span><\/p>\n<p style=\"text-align: justify;\"><span style=\"color: #ffffff;\">\u00bfQui\u00e9n es el humano y qui\u00e9n es el animal?<\/span><\/p>\n<\/div>\n<\/div>\n<\/div>\n<\/blockquote>\n<p>[\/et_pb_text][\/et_pb_column][\/et_pb_row][et_pb_row column_structure=&#8221;1_4,1_4,1_4,1_4&#8243; _builder_version=&#8221;4.16&#8243; custom_margin=&#8221;-6px|auto||auto||&#8221; custom_padding=&#8221;6px|||||&#8221; global_colors_info=&#8221;{}&#8221;][et_pb_column type=&#8221;1_4&#8243; _builder_version=&#8221;4.16&#8243; custom_padding=&#8221;|||&#8221; global_colors_info=&#8221;{}&#8221; custom_padding__hover=&#8221;|||&#8221;][\/et_pb_column][et_pb_column type=&#8221;1_4&#8243; _builder_version=&#8221;4.19.2&#8243; _module_preset=&#8221;default&#8221; global_colors_info=&#8221;{}&#8221;][\/et_pb_column][et_pb_column type=&#8221;1_4&#8243; _builder_version=&#8221;4.16&#8243; custom_padding=&#8221;|||&#8221; global_colors_info=&#8221;{}&#8221; custom_padding__hover=&#8221;|||&#8221;][et_pb_button button_url=&#8221;https:\/\/vimeo.com\/312697670&#8243; url_new_window=&#8221;on&#8221; button_text=&#8221;Video&#8221; button_alignment=&#8221;center&#8221; _builder_version=&#8221;4.19.2&#8243; custom_button=&#8221;on&#8221; button_text_size=&#8221;18px&#8221; button_text_color=&#8221;#ffffff&#8221; button_bg_color=&#8221;rgba(124,218,36,0)&#8221; button_border_color=&#8221;#ffffff&#8221; button_border_radius=&#8221;2px&#8221; button_font=&#8221;|700|||||||&#8221; button_icon_color=&#8221;#ffffff&#8221; z_index_tablet=&#8221;500&#8243; global_colors_info=&#8221;{}&#8221;]<br \/>\n[\/et_pb_button][\/et_pb_column][et_pb_column type=&#8221;1_4&#8243; _builder_version=&#8221;4.16&#8243; custom_padding=&#8221;|||&#8221; global_colors_info=&#8221;{}&#8221; custom_padding__hover=&#8221;|||&#8221;][et_pb_button button_url=&#8221;https:\/\/dgira.es\/wp-content\/uploads\/2024\/03\/IDIBEGI2022.pdf&#8221; url_new_window=&#8221;on&#8221; button_text=&#8221;Dossier&#8221; button_alignment=&#8221;center&#8221; _builder_version=&#8221;4.19.2&#8243; custom_button=&#8221;on&#8221; button_text_size=&#8221;18px&#8221; button_text_color=&#8221;#ffffff&#8221; button_bg_color=&#8221;rgba(124,218,36,0)&#8221; button_border_color=&#8221;#ffffff&#8221; button_border_radius=&#8221;2px&#8221; button_font=&#8221;|700|||||||&#8221; button_icon_color=&#8221;#ffffff&#8221; z_index_tablet=&#8221;500&#8243; global_colors_info=&#8221;{}&#8221;]<br \/>\n[\/et_pb_button][\/et_pb_column][\/et_pb_row][et_pb_row _builder_version=&#8221;4.16&#8243; custom_margin=&#8221;|auto|-29px|auto||&#8221; global_colors_info=&#8221;{}&#8221;][et_pb_column type=&#8221;4_4&#8243; _builder_version=&#8221;4.16&#8243; custom_padding=&#8221;|||&#8221; global_colors_info=&#8221;{}&#8221; custom_padding__hover=&#8221;|||&#8221;][et_pb_divider _builder_version=&#8221;4.16&#8243; global_colors_info=&#8221;{}&#8221;]<br \/>\n[\/et_pb_divider][\/et_pb_column][\/et_pb_row][et_pb_row _builder_version=&#8221;4.19.2&#8243; locked=&#8221;off&#8221; global_colors_info=&#8221;{}&#8221;][et_pb_column type=&#8221;4_4&#8243; _builder_version=&#8221;4.16&#8243; global_colors_info=&#8221;{}&#8221;][et_pb_gallery gallery_ids=&#8221;1850,1849,1842,1833,1834,1851,1863,1862,1861&#8243; show_title_and_caption=&#8221;off&#8221; _builder_version=&#8221;4.19.2&#8243; global_colors_info=&#8221;{}&#8221;][\/et_pb_gallery][\/et_pb_column][\/et_pb_row][\/et_pb_section][et_pb_section fb_built=&#8221;1&#8243; _builder_version=&#8221;4.19.2&#8243; background_color=&#8221;#000000&#8243; custom_padding=&#8221;7px||12px|||&#8221; global_colors_info=&#8221;{}&#8221;][et_pb_row column_structure=&#8221;1_3,2_3&#8243; _builder_version=&#8221;4.19.2&#8243; background_size=&#8221;initial&#8221; background_position=&#8221;top_left&#8221; background_repeat=&#8221;repeat&#8221; custom_padding=&#8221;7px||3px|||&#8221; global_colors_info=&#8221;{}&#8221;][et_pb_column type=&#8221;1_3&#8243; _builder_version=&#8221;4.16&#8243; custom_padding=&#8221;|||&#8221; global_colors_info=&#8221;{}&#8221; custom_padding__hover=&#8221;|||&#8221;][et_pb_image src=&#8221;https:\/\/dgira.es\/wp-content\/uploads\/2023\/11\/2022.11.14-La-Casa-Vacia-0042-scaled.jpg&#8221; title_text=&#8221;2022.11.14 La Casa Vac\u00eda 0042&#8243; show_in_lightbox=&#8221;on&#8221; force_fullwidth=&#8221;on&#8221; align_tablet=&#8221;center&#8221; align_phone=&#8221;&#8221; align_last_edited=&#8221;on|desktop&#8221; _builder_version=&#8221;4.19.2&#8243; z_index_tablet=&#8221;500&#8243; global_colors_info=&#8221;{}&#8221;]<br \/>\n[\/et_pb_image][\/et_pb_column][et_pb_column type=&#8221;2_3&#8243; _builder_version=&#8221;4.16&#8243; custom_padding=&#8221;|||&#8221; global_colors_info=&#8221;{}&#8221; custom_padding__hover=&#8221;|||&#8221;][et_pb_text _builder_version=&#8221;4.19.2&#8243; custom_padding=&#8221;1px|||||&#8221; z_index_tablet=&#8221;500&#8243; global_colors_info=&#8221;{}&#8221;]<\/p>\n<h2><span color=\"#e2e2e2\" style=\"color: #e2e2e2;\"><i>La casa vac\u00eda<\/i><\/span><\/h2>\n<blockquote>\n<div class=\"page\" title=\"Page 2\">\n<div class=\"layoutArea\">\n<div class=\"column\">\n<p><span style=\"color: #ffffff;\">Adultos, sala<\/span><\/p>\n<p><span style=\"color: #ffffff;\">Personas en gira: 7<\/span><\/p>\n<p><span style=\"font-size: 14px; color: #ffffff;\"><\/span><\/p>\n<p style=\"text-align: justify;\"><span style=\"color: #ffffff;\"><strong><em>La casa vac\u00eda<\/em>\u00a0<\/strong>narra la historia de una reciente fallecida artista y su pareja. La relaci\u00f3n que tienen ambas con el arte, el amor, el olvido, la soledad, la memoria, la fragilidad y el vac\u00edo. Narrar, contar sus historias de vida para poder sanar y poder olvidar. La casa vac\u00eda es una pieza de Danza-Teatro-Documental donde se fraccionan las escenas como si estas fueran un collage. \u201cun collage de vida, de im\u00e1genes y recuerdos\u201c. Las interpretes forman parte de este collage en diferentes situaciones participando activamente dentro de estos recuerdos y otras veces siendo testigo y espectadoras de estos. Una pieza donde la Danza Contempor\u00e1nea coexiste y convive con el teatro a trav\u00e9s del rodaje de un documental que marca un mapa y recorrido en la vida de una reconocida artista pl\u00e1stica y donde las interpretes se ven sumergidas, de distinta forma, en estas historias.\u00a0<\/span><\/p>\n<\/div>\n<\/div>\n<\/div>\n<\/blockquote>\n<p>[\/et_pb_text][\/et_pb_column][\/et_pb_row][et_pb_row column_structure=&#8221;1_4,1_4,1_4,1_4&#8243; _builder_version=&#8221;4.16&#8243; custom_margin=&#8221;-6px|auto||auto||&#8221; custom_padding=&#8221;6px|||||&#8221; global_colors_info=&#8221;{}&#8221;][et_pb_column type=&#8221;1_4&#8243; _builder_version=&#8221;4.16&#8243; custom_padding=&#8221;|||&#8221; global_colors_info=&#8221;{}&#8221; custom_padding__hover=&#8221;|||&#8221;][\/et_pb_column][et_pb_column type=&#8221;1_4&#8243; _builder_version=&#8221;4.19.2&#8243; _module_preset=&#8221;default&#8221; global_colors_info=&#8221;{}&#8221;][\/et_pb_column][et_pb_column type=&#8221;1_4&#8243; _builder_version=&#8221;4.16&#8243; custom_padding=&#8221;|||&#8221; global_colors_info=&#8221;{}&#8221; custom_padding__hover=&#8221;|||&#8221;][et_pb_button button_url=&#8221;https:\/\/vimeo.com\/774663727&#8243; url_new_window=&#8221;on&#8221; button_text=&#8221;Video&#8221; button_alignment=&#8221;center&#8221; _builder_version=&#8221;4.19.2&#8243; custom_button=&#8221;on&#8221; button_text_size=&#8221;18px&#8221; button_text_color=&#8221;#ffffff&#8221; button_bg_color=&#8221;rgba(124,218,36,0)&#8221; button_border_color=&#8221;#ffffff&#8221; button_border_radius=&#8221;2px&#8221; button_font=&#8221;|700|||||||&#8221; button_icon_color=&#8221;#ffffff&#8221; z_index_tablet=&#8221;500&#8243; global_colors_info=&#8221;{}&#8221;]<br \/>\n[\/et_pb_button][\/et_pb_column][et_pb_column type=&#8221;1_4&#8243; _builder_version=&#8221;4.16&#8243; custom_padding=&#8221;|||&#8221; global_colors_info=&#8221;{}&#8221; custom_padding__hover=&#8221;|||&#8221;][et_pb_button button_url=&#8221;https:\/\/dgira.es\/wp-content\/uploads\/2023\/11\/DossierLacasavacia.pdf&#8221; url_new_window=&#8221;on&#8221; button_text=&#8221;Dossier&#8221; button_alignment=&#8221;center&#8221; _builder_version=&#8221;4.19.2&#8243; custom_button=&#8221;on&#8221; button_text_size=&#8221;18px&#8221; button_text_color=&#8221;#ffffff&#8221; button_bg_color=&#8221;rgba(124,218,36,0)&#8221; button_border_color=&#8221;#ffffff&#8221; button_border_radius=&#8221;2px&#8221; button_font=&#8221;|700|||||||&#8221; button_icon_color=&#8221;#ffffff&#8221; z_index_tablet=&#8221;500&#8243; global_colors_info=&#8221;{}&#8221;]<br \/>\n[\/et_pb_button][\/et_pb_column][\/et_pb_row][et_pb_row _builder_version=&#8221;4.16&#8243; custom_margin=&#8221;|auto|-29px|auto||&#8221; global_colors_info=&#8221;{}&#8221;][et_pb_column type=&#8221;4_4&#8243; _builder_version=&#8221;4.16&#8243; custom_padding=&#8221;|||&#8221; global_colors_info=&#8221;{}&#8221; custom_padding__hover=&#8221;|||&#8221;][et_pb_divider _builder_version=&#8221;4.16&#8243; global_colors_info=&#8221;{}&#8221;]<br \/>\n[\/et_pb_divider][\/et_pb_column][\/et_pb_row][et_pb_row _builder_version=&#8221;4.19.2&#8243; locked=&#8221;off&#8221; global_colors_info=&#8221;{}&#8221;][et_pb_column type=&#8221;4_4&#8243; _builder_version=&#8221;4.16&#8243; global_colors_info=&#8221;{}&#8221;][et_pb_gallery gallery_ids=&#8221;1598,1597,1596,1595&#8243; show_title_and_caption=&#8221;off&#8221; _builder_version=&#8221;4.19.2&#8243; global_colors_info=&#8221;{}&#8221;][\/et_pb_gallery][\/et_pb_column][\/et_pb_row][\/et_pb_section][et_pb_section fb_built=&#8221;1&#8243; _builder_version=&#8221;4.19.2&#8243; background_color=&#8221;#000000&#8243; custom_padding=&#8221;7px||12px|||&#8221; global_colors_info=&#8221;{}&#8221;][et_pb_row column_structure=&#8221;1_3,2_3&#8243; _builder_version=&#8221;4.19.2&#8243; background_size=&#8221;initial&#8221; background_position=&#8221;top_left&#8221; background_repeat=&#8221;repeat&#8221; custom_padding=&#8221;7px||3px|||&#8221; global_colors_info=&#8221;{}&#8221;][et_pb_column type=&#8221;1_3&#8243; _builder_version=&#8221;4.16&#8243; custom_padding=&#8221;|||&#8221; global_colors_info=&#8221;{}&#8221; custom_padding__hover=&#8221;|||&#8221;][et_pb_image src=&#8221;https:\/\/dgira.es\/wp-content\/uploads\/2024\/02\/OjoDeBuey_Lironda-2356-6-scaled.jpg&#8221; title_text=&#8221;OjoDeBuey_Lironda-2356 (6)&#8221; show_in_lightbox=&#8221;on&#8221; force_fullwidth=&#8221;on&#8221; align_tablet=&#8221;center&#8221; align_phone=&#8221;&#8221; align_last_edited=&#8221;on|desktop&#8221; _builder_version=&#8221;4.19.2&#8243; z_index_tablet=&#8221;500&#8243; global_colors_info=&#8221;{}&#8221;]<br \/>\n[\/et_pb_image][\/et_pb_column][et_pb_column type=&#8221;2_3&#8243; _builder_version=&#8221;4.16&#8243; custom_padding=&#8221;|||&#8221; global_colors_info=&#8221;{}&#8221; custom_padding__hover=&#8221;|||&#8221;][et_pb_text _builder_version=&#8221;4.19.2&#8243; custom_padding=&#8221;1px|||||&#8221; z_index_tablet=&#8221;500&#8243; global_colors_info=&#8221;{}&#8221;]<\/p>\n<h2 style=\"text-align: justify;\"><span color=\"#e2e2e2\" style=\"color: #ffffff;\"><i>Ojo de buey<\/i><\/span><\/h2>\n<blockquote>\n<div class=\"page\" title=\"Page 2\">\n<div class=\"layoutArea\">\n<div class=\"column\">\n<p style=\"text-align: justify;\"><span style=\"color: #ffffff;\">Adultos, sala<\/span><\/p>\n<p style=\"text-align: justify;\"><span style=\"color: #ffffff;\">Personas en gira: 7<\/span><\/p>\n<p style=\"text-align: justify;\"><span style=\"font-size: 14px; color: #ffffff;\"><\/span><\/p>\n<p style=\"text-align: justify;\"><span style=\"color: #ffffff;\">OJO DE BUEY es una pieza de danza contempor\u00e1nea inspirada en las pruebas de arrastre de bueyes<\/span><br \/><span style=\"color: #ffffff;\">conocida como idi-probak en Euskal Herria, que reflexiona sobre el v\u00ednculo entre el hombre y el animal.<\/span><br \/><span style=\"color: #ffffff;\">Ofrece una mirada on\u00edrica a un mundo rural lleno de paisajes po\u00e9ticos ficticios que cohesionan y conviven con<\/span><br \/><span style=\"color: #ffffff;\">un reconocible espacio sonoro, bajo la mirada y el punto de vista del buey. La dureza del trabajo y la<\/span><br \/><span style=\"color: #ffffff;\">fisicalidad del animal, la lucha por la supervivencia y la ansiada libertad son parte de los conceptos que hacen<\/span><br \/><span style=\"color: #ffffff;\">que Ojo de Buey se cuestione: \u00bfQui\u00e9n es el humano y qui\u00e9n es el animal?<\/span><\/p>\n<\/div>\n<\/div>\n<\/div>\n<\/blockquote>\n<p>[\/et_pb_text][\/et_pb_column][\/et_pb_row][et_pb_row column_structure=&#8221;1_4,1_4,1_4,1_4&#8243; _builder_version=&#8221;4.16&#8243; custom_margin=&#8221;-6px|auto||auto||&#8221; custom_padding=&#8221;6px|||||&#8221; global_colors_info=&#8221;{}&#8221;][et_pb_column type=&#8221;1_4&#8243; _builder_version=&#8221;4.16&#8243; custom_padding=&#8221;|||&#8221; global_colors_info=&#8221;{}&#8221; custom_padding__hover=&#8221;|||&#8221;][\/et_pb_column][et_pb_column type=&#8221;1_4&#8243; _builder_version=&#8221;4.19.2&#8243; _module_preset=&#8221;default&#8221; global_colors_info=&#8221;{}&#8221;][et_pb_button button_url=&#8221;http:\/\/proyectolarrua.com\/agenda&#8221; button_text=&#8221;AGENDA General&#8221; _builder_version=&#8221;4.19.2&#8243; _module_preset=&#8221;default&#8221; global_colors_info=&#8221;{}&#8221;][\/et_pb_button][\/et_pb_column][et_pb_column type=&#8221;1_4&#8243; _builder_version=&#8221;4.16&#8243; custom_padding=&#8221;|||&#8221; global_colors_info=&#8221;{}&#8221; custom_padding__hover=&#8221;|||&#8221;][et_pb_button button_url=&#8221;https:\/\/vimeo.com\/472754467&#8243; url_new_window=&#8221;on&#8221; button_text=&#8221;Video&#8221; button_alignment=&#8221;center&#8221; _builder_version=&#8221;4.19.2&#8243; custom_button=&#8221;on&#8221; button_text_size=&#8221;18px&#8221; button_text_color=&#8221;#ffffff&#8221; button_bg_color=&#8221;rgba(124,218,36,0)&#8221; button_border_color=&#8221;#ffffff&#8221; button_border_radius=&#8221;2px&#8221; button_font=&#8221;|700|||||||&#8221; button_icon_color=&#8221;#ffffff&#8221; z_index_tablet=&#8221;500&#8243; global_colors_info=&#8221;{}&#8221;]<br \/>\n[\/et_pb_button][\/et_pb_column][et_pb_column type=&#8221;1_4&#8243; _builder_version=&#8221;4.16&#8243; custom_padding=&#8221;|||&#8221; global_colors_info=&#8221;{}&#8221; custom_padding__hover=&#8221;|||&#8221;][et_pb_button button_url=&#8221;https:\/\/dgira.es\/wp-content\/uploads\/2024\/02\/Ojodebuey2023-Sandra-1.pdf&#8221; url_new_window=&#8221;on&#8221; button_text=&#8221;Dossier&#8221; button_alignment=&#8221;center&#8221; _builder_version=&#8221;4.19.2&#8243; custom_button=&#8221;on&#8221; button_text_size=&#8221;18px&#8221; button_text_color=&#8221;#ffffff&#8221; button_bg_color=&#8221;rgba(124,218,36,0)&#8221; button_border_color=&#8221;#ffffff&#8221; button_border_radius=&#8221;2px&#8221; button_font=&#8221;|700|||||||&#8221; button_icon_color=&#8221;#ffffff&#8221; z_index_tablet=&#8221;500&#8243; global_colors_info=&#8221;{}&#8221;]<br \/>\n[\/et_pb_button][\/et_pb_column][\/et_pb_row][et_pb_row _builder_version=&#8221;4.16&#8243; custom_margin=&#8221;|auto|-29px|auto||&#8221; global_colors_info=&#8221;{}&#8221;][et_pb_column type=&#8221;4_4&#8243; _builder_version=&#8221;4.16&#8243; custom_padding=&#8221;|||&#8221; global_colors_info=&#8221;{}&#8221; custom_padding__hover=&#8221;|||&#8221;][et_pb_divider _builder_version=&#8221;4.16&#8243; global_colors_info=&#8221;{}&#8221;]<br \/>\n[\/et_pb_divider][\/et_pb_column][\/et_pb_row][et_pb_row _builder_version=&#8221;4.19.2&#8243; locked=&#8221;off&#8221; global_colors_info=&#8221;{}&#8221;][et_pb_column type=&#8221;4_4&#8243; _builder_version=&#8221;4.16&#8243; global_colors_info=&#8221;{}&#8221;][et_pb_gallery gallery_ids=&#8221;1728,1727,1726,1725,1724,1736,1735,1734,1732,1731,1730&#8243; show_title_and_caption=&#8221;off&#8221; _builder_version=&#8221;4.19.2&#8243; global_colors_info=&#8221;{}&#8221;][\/et_pb_gallery][\/et_pb_column][\/et_pb_row][\/et_pb_section]<\/p>","protected":false},"excerpt":{"rendered":"<p>PROYECTO LARRUA \u00a0es una compa\u00f1\u00eda de Danza Contempor\u00e1nea dirigida por Jordi Vilaseca y Aritz L\u00f3pez con base en Vitoria-Gasteiz. Coreogr\u00e1fica y dramaturgicamente, la compa\u00f1\u00eda tiene una visi\u00f3n personal sobre c\u00f3mo aunar la fisicalidad y la emoci\u00f3n y de como escenificarla, utilizando elementos del imaginario com\u00fan del espectador y contemporanizarlos.\u00a0Resultado de esa visi\u00f3n personal son las [&hellip;]<\/p>","protected":false},"author":2,"featured_media":0,"parent":0,"menu_order":0,"comment_status":"closed","ping_status":"closed","template":"","meta":{"_et_pb_use_builder":"on","_et_pb_old_content":"","_et_gb_content_width":"","spay_email":"","footnotes":""},"class_list":["post-1585","page","type-page","status-publish","hentry"],"_links":{"self":[{"href":"https:\/\/dgira.es\/en\/wp-json\/wp\/v2\/pages\/1585"}],"collection":[{"href":"https:\/\/dgira.es\/en\/wp-json\/wp\/v2\/pages"}],"about":[{"href":"https:\/\/dgira.es\/en\/wp-json\/wp\/v2\/types\/page"}],"author":[{"embeddable":true,"href":"https:\/\/dgira.es\/en\/wp-json\/wp\/v2\/users\/2"}],"replies":[{"embeddable":true,"href":"https:\/\/dgira.es\/en\/wp-json\/wp\/v2\/comments?post=1585"}],"version-history":[{"count":18,"href":"https:\/\/dgira.es\/en\/wp-json\/wp\/v2\/pages\/1585\/revisions"}],"predecessor-version":[{"id":2360,"href":"https:\/\/dgira.es\/en\/wp-json\/wp\/v2\/pages\/1585\/revisions\/2360"}],"wp:attachment":[{"href":"https:\/\/dgira.es\/en\/wp-json\/wp\/v2\/media?parent=1585"}],"curies":[{"name":"wp","href":"https:\/\/api.w.org\/{rel}","templated":true}]}}