{"id":1462,"date":"2022-11-07T11:20:57","date_gmt":"2022-11-07T11:20:57","guid":{"rendered":"https:\/\/dgira.es\/?page_id=1462"},"modified":"2025-06-25T09:49:52","modified_gmt":"2025-06-25T09:49:52","slug":"paco-mir","status":"publish","type":"page","link":"https:\/\/dgira.es\/en\/paco-mir","title":{"rendered":"Paco Mir\/El Perro Producciones"},"content":{"rendered":"<p>[et_pb_section fb_built=&#8221;1&#8243; fullwidth=&#8221;on&#8221; _builder_version=&#8221;4.16&#8243; global_colors_info=&#8221;{}&#8221;][et_pb_fullwidth_header title=&#8221;Paco Mir\/El Perro Producciones&#8221; subhead=&#8221;Teatro (distribuci\u00f3n nacional en exclusiva)&#8221; background_overlay_color=&#8221;rgba(0,0,0,0.48)&#8221; title_last_edited=&#8221;off|desktop&#8221; subhead_tablet=&#8221;&#8221; subhead_phone=&#8221;&#8221; subhead_last_edited=&#8221;on|desktop&#8221; _builder_version=&#8221;4.27.2&#8243; title_font=&#8221;|800|||||||&#8221; title_text_align=&#8221;left&#8221; title_text_color=&#8221;#ffffff&#8221; title_line_height=&#8221;1.3em&#8221; subhead_font=&#8221;|700|||||||&#8221; subhead_text_color=&#8221;#ffffff&#8221; subhead_letter_spacing=&#8221;1px&#8221; use_background_color_gradient=&#8221;on&#8221; background_image=&#8221;https:\/\/dgira.es\/wp-content\/uploads\/2025\/06\/250609Mendo_Breton_106_B.jpg&#8221; transform_scale=&#8221;102%|102%&#8221; min_height=&#8221;106px&#8221; custom_padding=&#8221;55px||113px|||&#8221; z_index_tablet=&#8221;500&#8243; global_colors_info=&#8221;{}&#8221;]<\/p>\n<h6><\/h6>\n<h1 class=\"et_pb_module_header et-fb-editable-element et-fb-editable-element__editing\" contenteditable=\"true\" data-shortcode-id=\"0.0-1606814395730\" data-quickaccess-id=\"title\"><\/h1>\n<p>[\/et_pb_fullwidth_header][\/et_pb_section][et_pb_section fb_built=&#8221;1&#8243; _builder_version=&#8221;4.16&#8243; background_color=&#8221;#000000&#8243; custom_padding=&#8221;7px||12px|||&#8221; global_colors_info=&#8221;{}&#8221;][et_pb_row _builder_version=&#8221;4.16&#8243; background_size=&#8221;initial&#8221; background_position=&#8221;top_left&#8221; background_repeat=&#8221;repeat&#8221; global_colors_info=&#8221;{}&#8221;][et_pb_column type=&#8221;4_4&#8243; _builder_version=&#8221;4.16&#8243; custom_padding=&#8221;|||&#8221; global_colors_info=&#8221;{}&#8221; custom_padding__hover=&#8221;|||&#8221;][et_pb_text _builder_version=&#8221;4.19.2&#8243; text_text_color=&#8221;#ffffff&#8221; custom_padding=&#8221;||5px|||&#8221; z_index_tablet=&#8221;500&#8243; global_colors_info=&#8221;{}&#8221;]<\/p>\n<div class=\"page\" title=\"Page 8\">\n<div class=\"layoutArea\">\n<div class=\"column\">\n<p style=\"text-align: justify;\">PACO MIR ma\u0301s conocido como TRICICLE, la compan\u0303i\u0301a con la que ha creado ocho especta\u0301culos que se han visto por todo el mundo, que como autor, adaptador y director de ma\u0301s de cincuenta producciones que abarcan casi todos los palos del especta\u0301culo: mono\u0301logos, mimodramas, especta\u0301culos infantiles, comedia, cla\u0301sicos, musicales, zarzuelas, o\u0301peras&#8230; en los que a menudo, y fuera de cre\u0301ditos, ha trabajado como esceno\u0301grafo, pintor, costurero, grafista, iluminador, carpintero, te\u0301cnico.<\/p>\n<p style=\"text-align: justify;\">En 2021 crea un &#8220;PERRO DEL HORTELANO&#8221; que se estrena en Almagro y que no deja de tener bolos; al que sigue LAS NUBES, el \u00fanico espect\u00e1culo que vendi\u00f3 todas las localidades en el Festival de M\u00e9rida del 2023.<\/p>\n<p style=\"text-align: justify;\">Y con la ilusi\u00f3n del primer d\u00eda, a pesar de que acumulamos siglos de experiencia, vamos a empezar nuestra tercera producci\u00f3n en tres a\u00f1os. No est\u00e1 mal para una compa\u00f1\u00eda que a\u00fan no ten\u00eda nombre, hasta hoy, que hemos decidido llamarnos&#8230;<\/p>\n<p style=\"text-align: justify;\">EL PERRO PRODUCCIONES<\/p>\n<p style=\"text-align: justify;\">Moncho S\u00e1nchez-Diezma, Amparo Mar\u00edn, Manuel Monteagudo, Paqui Montoya y Paco Mir llevan apellidos distintos pero son familia \u2014familia de las que se llevan bien\u2014 desde que estrenaron EL PERRO DEL HORTELANO en el Festival de Almagro del 2021. Los cinco est\u00e1n enamorados hasta la m\u00e9dula de su oficio, tienen una ampl\u00edsima formaci\u00f3n en teatro cl\u00e1sico y f\u00edsico, han hecho m\u00e1s bolos que el ba\u00fal de la Piquer (esto empieza a ser una referencia anacr\u00f3nica) y tienen una caracter\u00edstica que no tiene precio: EL DON DE LA COMEDIA.<\/p>\n<\/div>\n<\/div>\n<\/div>\n<p>[\/et_pb_text][et_pb_text _builder_version=&#8221;4.16&#8243; text_text_color=&#8221;#ffffff&#8221; custom_padding=&#8221;||5px|||&#8221; z_index_tablet=&#8221;500&#8243; global_colors_info=&#8221;{}&#8221;][\/et_pb_text][\/et_pb_column][\/et_pb_row][\/et_pb_section][et_pb_section fb_built=&#8221;1&#8243; fullwidth=&#8221;on&#8221; _builder_version=&#8221;4.16&#8243; global_colors_info=&#8221;{}&#8221;][et_pb_fullwidth_header title=&#8221;Espect\u00e1culos&#8221; _builder_version=&#8221;4.16&#8243; title_font=&#8221;|700|||||||&#8221; background_color=&#8221;rgba(0,0,0,0.87)&#8221; custom_padding=&#8221;12px||7px|||&#8221; global_colors_info=&#8221;{}&#8221;]<\/p>\n<p>[\/et_pb_fullwidth_header][\/et_pb_section][et_pb_section fb_built=&#8221;1&#8243; _builder_version=&#8221;4.16&#8243; background_color=&#8221;#000000&#8243; custom_padding=&#8221;7px||12px|||&#8221; global_colors_info=&#8221;{}&#8221;][et_pb_row column_structure=&#8221;1_3,2_3&#8243; _builder_version=&#8221;4.16&#8243; background_size=&#8221;initial&#8221; background_position=&#8221;top_left&#8221; background_repeat=&#8221;repeat&#8221; custom_padding=&#8221;7px||3px|||&#8221; global_colors_info=&#8221;{}&#8221;][et_pb_column type=&#8221;1_3&#8243; _builder_version=&#8221;4.16&#8243; custom_padding=&#8221;|||&#8221; global_colors_info=&#8221;{}&#8221; custom_padding__hover=&#8221;|||&#8221;][et_pb_image src=&#8221;https:\/\/dgira.es\/wp-content\/uploads\/2025\/03\/28A0589D.jpeg&#8221; title_text=&#8221;_28A0589D&#8221; show_in_lightbox=&#8221;on&#8221; force_fullwidth=&#8221;on&#8221; align_tablet=&#8221;center&#8221; align_phone=&#8221;&#8221; align_last_edited=&#8221;on|desktop&#8221; _builder_version=&#8221;4.27.2&#8243; z_index_tablet=&#8221;500&#8243; global_colors_info=&#8221;{}&#8221;]<\/p>\n<p>[\/et_pb_image][\/et_pb_column][et_pb_column type=&#8221;2_3&#8243; _builder_version=&#8221;4.16&#8243; custom_padding=&#8221;|||&#8221; global_colors_info=&#8221;{}&#8221; custom_padding__hover=&#8221;|||&#8221;][et_pb_text _builder_version=&#8221;4.27.2&#8243; custom_padding=&#8221;1px|||||&#8221; hover_enabled=&#8221;0&#8243; z_index_tablet=&#8221;500&#8243; locked=&#8221;off&#8221; global_colors_info=&#8221;{}&#8221; sticky_enabled=&#8221;0&#8243;]<\/p>\n<h2><span color=\"#e2e2e2\" style=\"color: #e2e2e2;\"><i>\u00a0GNP y El Perro Producciones presentan:<\/i><\/span><\/h2>\n<h2><span color=\"#e2e2e2\" style=\"color: #e2e2e2;\"><i>La Venganza de Don Mendo<\/i><\/span><span style=\"color: #ff0000;\"><\/span><\/h2>\n<p style=\"text-align: justify;\"><span style=\"color: #ffffff;\">PACO MIR + PEDRO MU\u00d1OZ SECA<\/span><\/p>\n<p style=\"text-align: justify;\"><span style=\"font-size: 14px; color: #ffffff;\">Un cl\u00e1sico hecho TRICICLE.\u00a0<\/span><span style=\"color: #ffffff; font-size: 14px; text-align: left;\">Residencia art\u00edstica\/t\u00e9cnica y estreno oficial en el Centro C\u00edvico de Torreblanca (Sevilla) el 27 de febrero de 2025.<\/span><\/p>\n<p><span style=\"color: #ff0000;\"><span color=\"#e2e2e2\">Estreno nacional en Logro\u00f1o, Teatro B<\/span><span style=\"font-size: 14px;\">ret\u00f3n de los Herreros, 8 y 9 de junio de 2025.<\/span><\/span><\/p>\n<p><span style=\"color: #fcfcfc;\">Personas en gira: 9<\/span><\/p>\n<blockquote>\n<div class=\"page\" title=\"Page 2\">\n<div class=\"layoutArea\">\n<div class=\"column\">\n<div>\n<p><span style=\"color: #ffffff;\"><b>Paco Mir:<\/b> Adaptaci\u00f3n y<b> <\/b>Direccio\u0301n.<b><o:p><\/o:p><\/b><\/span><\/p>\n<\/div>\n<div>\n<p><span style=\"color: #ffffff;\"><b>Juan Francisco Padilla: <\/b>M\u00fasica original.<b><o:p><\/o:p><\/b><\/span><\/p>\n<\/div>\n<div>\n<p><span style=\"color: #ffffff;\"><b>Pablo Gil Rivera\/ Pepe Mende: <\/b>Disen\u0303o de iluminaci\u00f3n.<br \/><b><o:p><\/o:p><\/b><\/span><\/p>\n<\/div>\n<div>\n<p><span style=\"color: #ffffff;\"><b>Mai Canto y Nerea Dal\u00ed: <\/b>Disen\u0303o de vestuario.<b><o:p><\/o:p><\/b><\/span><\/p>\n<\/div>\n<div>\n<p><span style=\"color: #ffffff;\"><b>Isa Rami\u0301rez: <\/b>Coreografi\u0301a.<b><o:p><\/o:p><\/b><\/span><\/p>\n<\/div>\n<div>\n<p><span style=\"color: #ffffff;\"><b>Abril Aplicaciones: <\/b>Construcci\u00f3n \u00a0escenogra\u0301f\u00eda.<b><o:p><\/o:p><\/b><\/span><\/p>\n<\/div>\n<div>\n<p><span style=\"color: #ffffff;\"><b>Nuria Di\u0301az Reguera: <\/b>Producci\u00f3n y regidur\u00eda.<\/span><\/p>\n<\/div>\n<div>\n<p><span style=\"color: #ffffff;\"><b>Elenco: Manuel Monteagudo, Moncho Sa\u0301nchez-Diezma, Amparo Mari\u0301n, Paqui Montoya, Juanfra Jua\u0301rez y Cristina Almaza\u0301n. <o:p><\/o:p><\/b><\/span><\/p>\n<\/div>\n<div>\n<p><span style=\"color: #ffffff;\">\u00a0<\/span><\/p>\n<p><span style=\"color: #ffffff;\">Produce: <strong>GNP, Paco Mir\/EL PERRO PRODUCCIONES, Y AAIICC \u00a0de la Consejer\u00eda de Cultura de la Junta de Andaluc\u00eda. Residencia art\u00edstica\/t\u00e9cnica en el Centro C\u00edvico de Torreblanca.<\/strong><\/span><\/p>\n<p><span style=\"color: #ffffff;\">Producci\u00f3n ejecutiva: GNP.<\/span><\/p>\n<\/div>\n<div>\n<p style=\"text-align: justify;\"><span style=\"color: #ffffff; text-align: justify;\">La Venganza de Don Mendo gusta por igual a la gente del teatro y al p\u00fablico en general porque utiliza todos los trucos teatrales posibles: hay personajes arquet\u00edpicos, anacronismos, juegos de palabras, neologismos, equ\u00edvocos, entradas y salidas propias del vodevil, canciones, bailes, acrobacias, luchas&#8230;Lo tiene todo, y convenientemente equilibrado, para que nos mantenga una hora y media sin tener esa insufrible necesidad de mirar el m\u00f3vil.<\/span><\/p>\n<\/div>\n<\/div>\n<\/div>\n<div class=\"layoutArea\">\n<div class=\"column\">\n<p style=\"text-align: justify;\"><span style=\"color: #ffffff;\"><span style=\"caret-color: #000000;\">Nuestra versi\u00f3n combina un m\u00e1ximo respeto al original con un mont\u00f3n de toques TRICICLE, que la convierten en un juguete c\u00f3mico al cuadrado. \u00a1Ah, y mensaje! Tambi\u00e9n le hemos a\u00f1adido un mensaje, para que nadie se vaya a casa con esa desagradable sensaci\u00f3n de &#8220;solo haber re\u00eddo a carcajadas durante 90 minutos&#8221;.<\/span><\/span><\/p>\n<\/div>\n<\/div>\n<\/div>\n<\/blockquote>\n<p>[\/et_pb_text][et_pb_text _builder_version=&#8221;4.16&#8243; custom_padding=&#8221;1px|||||&#8221; z_index_tablet=&#8221;500&#8243; global_colors_info=&#8221;{}&#8221;][\/et_pb_text][\/et_pb_column][\/et_pb_row][et_pb_row column_structure=&#8221;1_2,1_4,1_4&#8243; _builder_version=&#8221;4.19.2&#8243; custom_margin=&#8221;-6px|auto||auto||&#8221; custom_padding=&#8221;6px|||||&#8221; global_colors_info=&#8221;{}&#8221;][et_pb_column type=&#8221;1_2&#8243; _builder_version=&#8221;4.16&#8243; custom_padding=&#8221;|||&#8221; global_colors_info=&#8221;{}&#8221; custom_padding__hover=&#8221;|||&#8221;][\/et_pb_column][et_pb_column type=&#8221;1_4&#8243; _builder_version=&#8221;4.16&#8243; custom_padding=&#8221;|||&#8221; global_colors_info=&#8221;{}&#8221; custom_padding__hover=&#8221;|||&#8221;][et_pb_button button_url=&#8221;https:\/\/youtu.be\/omQPx2UXd7o?si=txZ2SCugVh_wQXjK&#8221; url_new_window=&#8221;on&#8221; button_text=&#8221;Video&#8221; button_alignment=&#8221;center&#8221; _builder_version=&#8221;4.27.2&#8243; custom_button=&#8221;on&#8221; button_text_size=&#8221;18px&#8221; button_text_color=&#8221;#ffffff&#8221; button_bg_color=&#8221;rgba(124,218,36,0)&#8221; button_border_color=&#8221;#ffffff&#8221; button_border_radius=&#8221;2px&#8221; button_font=&#8221;|700|||||||&#8221; button_icon_color=&#8221;#ffffff&#8221; z_index_tablet=&#8221;500&#8243; global_colors_info=&#8221;{}&#8221;]<\/p>\n<p>[\/et_pb_button][\/et_pb_column][et_pb_column type=&#8221;1_4&#8243; _builder_version=&#8221;4.16&#8243; custom_padding=&#8221;|||&#8221; global_colors_info=&#8221;{}&#8221; custom_padding__hover=&#8221;|||&#8221;][et_pb_button button_url=&#8221;https:\/\/dgira.es\/wp-content\/uploads\/2025\/04\/DOSSIER-MENDO-MARZO-25b2.pdf&#8221; url_new_window=&#8221;on&#8221; button_text=&#8221;Dossier&#8221; button_alignment=&#8221;center&#8221; _builder_version=&#8221;4.27.2&#8243; custom_button=&#8221;on&#8221; button_text_size=&#8221;18px&#8221; button_text_color=&#8221;#ffffff&#8221; button_bg_color=&#8221;rgba(124,218,36,0)&#8221; button_border_color=&#8221;#ffffff&#8221; button_border_radius=&#8221;2px&#8221; button_font=&#8221;|700|||||||&#8221; button_icon_color=&#8221;#ffffff&#8221; z_index_tablet=&#8221;500&#8243; global_colors_info=&#8221;{}&#8221;]<\/p>\n<p>[\/et_pb_button][\/et_pb_column][\/et_pb_row][\/et_pb_section][et_pb_section fb_built=&#8221;1&#8243; _builder_version=&#8221;4.16&#8243; background_color=&#8221;#000000&#8243; custom_padding=&#8221;7px||12px|||&#8221; global_colors_info=&#8221;{}&#8221;][et_pb_row column_structure=&#8221;1_3,2_3&#8243; _builder_version=&#8221;4.16&#8243; background_size=&#8221;initial&#8221; background_position=&#8221;top_left&#8221; background_repeat=&#8221;repeat&#8221; custom_padding=&#8221;7px||3px|||&#8221; global_colors_info=&#8221;{}&#8221;][et_pb_column type=&#8221;1_3&#8243; _builder_version=&#8221;4.16&#8243; custom_padding=&#8221;|||&#8221; global_colors_info=&#8221;{}&#8221; custom_padding__hover=&#8221;|||&#8221;][et_pb_image src=&#8221;https:\/\/dgira.es\/wp-content\/uploads\/2022\/11\/EL-PERRO-DEFINITIVAS-20-scaled.jpg&#8221; title_text=&#8221;EL PERRO DEFINITIVAS-20&#8243; show_in_lightbox=&#8221;on&#8221; force_fullwidth=&#8221;on&#8221; align_tablet=&#8221;center&#8221; align_phone=&#8221;&#8221; align_last_edited=&#8221;on|desktop&#8221; _builder_version=&#8221;4.19.2&#8243; z_index_tablet=&#8221;500&#8243; global_colors_info=&#8221;{}&#8221;]<\/p>\n<p>[\/et_pb_image][\/et_pb_column][et_pb_column type=&#8221;2_3&#8243; _builder_version=&#8221;4.16&#8243; custom_padding=&#8221;|||&#8221; global_colors_info=&#8221;{}&#8221; custom_padding__hover=&#8221;|||&#8221;][et_pb_text _builder_version=&#8221;4.19.2&#8243; custom_padding=&#8221;1px|||||&#8221; z_index_tablet=&#8221;500&#8243; locked=&#8221;off&#8221; global_colors_info=&#8221;{}&#8221;]<\/p>\n<h2><span color=\"#e2e2e2\" style=\"color: #e2e2e2;\"><i>El perro del hortelano<\/i><\/span><\/h2>\n<p><span color=\"#e2e2e2\" style=\"color: #ffffff;\"><i>Vania Produccions<\/i><\/span><\/p>\n<p><span style=\"color: #fcfcfc;\">Teatro<\/span><\/p>\n<p><span style=\"color: #fcfcfc;\">Personas en gira: 6\/7<\/span><\/p>\n<blockquote>\n<div class=\"page\" title=\"Page 2\">\n<div class=\"layoutArea\">\n<div class=\"column\"><\/div>\n<\/div>\n<div class=\"layoutArea\">\n<div class=\"column\">\n<p style=\"text-align: justify;\"><span style=\"color: #ffffff;\">PACO MIR + LOPE DE VEGA. Una comedia al cuadrado.<span style=\"font-size: 14px;\"> <\/span><\/span><\/p>\n<p style=\"text-align: justify;\"><span style=\"font-size: 14px; color: #ffffff;\">Un cl\u00e1sico hecho TRICICLE. <\/span><\/p>\n<p style=\"text-align: justify;\"><span style=\"color: #ffffff;\">NUESTRA ADAPTACI\u00d3N:<\/span><\/p>\n<p style=\"text-align: justify;\"><span style=\"color: #ffffff;\">Hemos an\u0303adido una TRAMA SECUNDARIA protagonizada por dos te\u0301cnicos de la compan\u0303i\u0301a que interpreta EL PERRO DEL HORTELANO; que teni\u0301a que interpretar, mejor dicho, porque, por un error incomprensible, el resto de la compan\u0303i\u0301a va camino de Lugo para interpretar un Divinas Palabras.<\/span><\/p>\n<div class=\"page\" title=\"Page 5\" style=\"text-align: justify;\">\n<div class=\"layoutArea\">\n<div class=\"column\">\n<p><span style=\"color: #ffffff;\">Estos dos te\u0301cnicos, inasequibles al desaliento y empen\u0303ados en llevar la ma\u0301xima THE SHOW MUST GO ON a sus u\u0301ltimas consecuencias, pondra\u0301n en escena EL PERRO DEL HORTELANO con la ayuda de dos actrices locales familiarizadas con la obra ya que ellos, \u201ca diferencia de los actores que so\u0301lo se saben sus separatas\u201d, conocen la funcio\u0301n de arriba abajo. <\/span><\/p>\n<p><span style=\"color: #ffffff;\">Nuestra funcio\u0301n entra en el ge\u0301nero del TEATRO DENTRO DEL TEATRO ya que representamos EL PERRO DEL HORTELANO y, al mismo tiempo, desarrollamos una sa\u0301tira amable sobre el mundo de las compan\u0303i\u0301as en gira. <\/span><\/p>\n<p><span style=\"color: #ffffff;\">Una funcio\u0301n que no pierde la comicidad del original y que, gracias a la trama secundari\u0301a, explica con toda claridad los enredos de Diana y Teodoro. <\/span><\/p>\n<\/div>\n<\/div>\n<\/div>\n<p style=\"text-align: justify;\"><span style=\"font-size: 14px; color: #ffffff;\"><\/span><\/p>\n<p><span style=\"font-size: 14px; color: #ffffff;\"><\/span><\/p>\n<p><span style=\"font-size: 14px;\"><\/span><\/p>\n<p><span style=\"font-size: 14px;\"><\/span><\/p>\n<\/div>\n<\/div>\n<\/div>\n<\/blockquote>\n<p>[\/et_pb_text][et_pb_text _builder_version=&#8221;4.16&#8243; custom_padding=&#8221;1px|||||&#8221; z_index_tablet=&#8221;500&#8243; global_colors_info=&#8221;{}&#8221;][\/et_pb_text][\/et_pb_column][\/et_pb_row][et_pb_row column_structure=&#8221;1_2,1_4,1_4&#8243; _builder_version=&#8221;4.16&#8243; custom_margin=&#8221;-6px|auto||auto||&#8221; custom_padding=&#8221;6px|||||&#8221; global_colors_info=&#8221;{}&#8221;][et_pb_column type=&#8221;1_2&#8243; _builder_version=&#8221;4.16&#8243; custom_padding=&#8221;|||&#8221; global_colors_info=&#8221;{}&#8221; custom_padding__hover=&#8221;|||&#8221;][\/et_pb_column][et_pb_column type=&#8221;1_4&#8243; _builder_version=&#8221;4.16&#8243; custom_padding=&#8221;|||&#8221; global_colors_info=&#8221;{}&#8221; custom_padding__hover=&#8221;|||&#8221;][et_pb_button button_url=&#8221;https:\/\/youtu.be\/6xz91ibcfts&#8221; url_new_window=&#8221;on&#8221; button_text=&#8221;Video&#8221; button_alignment=&#8221;center&#8221; _builder_version=&#8221;4.16&#8243; custom_button=&#8221;on&#8221; button_text_size=&#8221;18px&#8221; button_text_color=&#8221;#ffffff&#8221; button_bg_color=&#8221;rgba(124,218,36,0)&#8221; button_border_color=&#8221;#ffffff&#8221; button_border_radius=&#8221;2px&#8221; button_font=&#8221;|700|||||||&#8221; button_icon_color=&#8221;#ffffff&#8221; z_index_tablet=&#8221;500&#8243; global_colors_info=&#8221;{}&#8221;]<\/p>\n<p>[\/et_pb_button][\/et_pb_column][et_pb_column type=&#8221;1_4&#8243; _builder_version=&#8221;4.16&#8243; custom_padding=&#8221;|||&#8221; global_colors_info=&#8221;{}&#8221; custom_padding__hover=&#8221;|||&#8221;][et_pb_button button_url=&#8221;https:\/\/dgira.es\/wp-content\/uploads\/2022\/11\/Carpeta-DOSSIER-OCTUBRE-2022-SANDRA.pdf&#8221; url_new_window=&#8221;on&#8221; button_text=&#8221;Dossier&#8221; button_alignment=&#8221;center&#8221; _builder_version=&#8221;4.16&#8243; custom_button=&#8221;on&#8221; button_text_size=&#8221;18px&#8221; button_text_color=&#8221;#ffffff&#8221; button_bg_color=&#8221;rgba(124,218,36,0)&#8221; button_border_color=&#8221;#ffffff&#8221; button_border_radius=&#8221;2px&#8221; button_font=&#8221;|700|||||||&#8221; button_icon_color=&#8221;#ffffff&#8221; z_index_tablet=&#8221;500&#8243; global_colors_info=&#8221;{}&#8221;]<\/p>\n<p>[\/et_pb_button][\/et_pb_column][\/et_pb_row][et_pb_row _builder_version=&#8221;4.16&#8243; z_index_tablet=&#8221;500&#8243; global_colors_info=&#8221;{}&#8221;][et_pb_column type=&#8221;4_4&#8243; _builder_version=&#8221;4.16&#8243; custom_padding=&#8221;|||&#8221; global_colors_info=&#8221;{}&#8221; custom_padding__hover=&#8221;|||&#8221;][et_pb_gallery gallery_ids=&#8221;1456,1457,1453,1452,1451,1447,1448,1449,1450,2416,2415,2414,2413,2412,2411,2405,2406,2407,2408,2409,2410,2404,2403&#8243; show_title_and_caption=&#8221;off&#8221; _builder_version=&#8221;4.27.2&#8243; z_index_tablet=&#8221;500&#8243; global_colors_info=&#8221;{}&#8221;][\/et_pb_gallery][\/et_pb_column][\/et_pb_row][\/et_pb_section]<\/p>","protected":false},"excerpt":{"rendered":"<p>PACO MIR ma\u0301s conocido como TRICICLE, la compan\u0303i\u0301a con la que ha creado ocho especta\u0301culos que se han visto por todo el mundo, que como autor, adaptador y director de ma\u0301s de cincuenta producciones que abarcan casi todos los palos del especta\u0301culo: mono\u0301logos, mimodramas, especta\u0301culos infantiles, comedia, cla\u0301sicos, musicales, zarzuelas, o\u0301peras&#8230; en los que a [&hellip;]<\/p>","protected":false},"author":2,"featured_media":0,"parent":0,"menu_order":0,"comment_status":"closed","ping_status":"closed","template":"","meta":{"_et_pb_use_builder":"on","_et_pb_old_content":"","_et_gb_content_width":"","spay_email":"","footnotes":""},"class_list":["post-1462","page","type-page","status-publish","hentry"],"_links":{"self":[{"href":"https:\/\/dgira.es\/en\/wp-json\/wp\/v2\/pages\/1462"}],"collection":[{"href":"https:\/\/dgira.es\/en\/wp-json\/wp\/v2\/pages"}],"about":[{"href":"https:\/\/dgira.es\/en\/wp-json\/wp\/v2\/types\/page"}],"author":[{"embeddable":true,"href":"https:\/\/dgira.es\/en\/wp-json\/wp\/v2\/users\/2"}],"replies":[{"embeddable":true,"href":"https:\/\/dgira.es\/en\/wp-json\/wp\/v2\/comments?post=1462"}],"version-history":[{"count":37,"href":"https:\/\/dgira.es\/en\/wp-json\/wp\/v2\/pages\/1462\/revisions"}],"predecessor-version":[{"id":2424,"href":"https:\/\/dgira.es\/en\/wp-json\/wp\/v2\/pages\/1462\/revisions\/2424"}],"wp:attachment":[{"href":"https:\/\/dgira.es\/en\/wp-json\/wp\/v2\/media?parent=1462"}],"curies":[{"name":"wp","href":"https:\/\/api.w.org\/{rel}","templated":true}]}}