{"id":1284,"date":"2022-04-28T12:18:44","date_gmt":"2022-04-28T12:18:44","guid":{"rendered":"https:\/\/dgira.es\/?page_id=1284"},"modified":"2024-12-16T09:49:24","modified_gmt":"2024-12-16T09:49:24","slug":"javier-tirado","status":"publish","type":"page","link":"https:\/\/dgira.es\/en\/javier-tirado","title":{"rendered":"Javier Tirado"},"content":{"rendered":"<p>[et_pb_section fb_built=&#8221;1&#8243; fullwidth=&#8221;on&#8221; _builder_version=&#8221;4.16&#8243; global_colors_info=&#8221;{}&#8221;][et_pb_fullwidth_header title=&#8221;JAVIER TIRADO&#8221; subhead=&#8221;T\u00edteres (Distribuci\u00f3n exclusiva en Andaluc\u00eda)&#8221; background_overlay_color=&#8221;rgba(0,0,0,0.48)&#8221; title_last_edited=&#8221;off|desktop&#8221; subhead_tablet=&#8221;&#8221; subhead_phone=&#8221;&#8221; subhead_last_edited=&#8221;on|desktop&#8221; _builder_version=&#8221;4.19.2&#8243; title_font=&#8221;|800|||||||&#8221; title_text_align=&#8221;left&#8221; title_text_color=&#8221;#ffffff&#8221; title_line_height=&#8221;1.3em&#8221; subhead_font=&#8221;|700|||||||&#8221; subhead_text_color=&#8221;#ffffff&#8221; subhead_letter_spacing=&#8221;1px&#8221; use_background_color_gradient=&#8221;on&#8221; background_image=&#8221;https:\/\/dgira.es\/wp-content\/uploads\/2022\/04\/contacreques-3-scaled.jpg&#8221; transform_scale=&#8221;102%|102%&#8221; min_height=&#8221;106px&#8221; custom_padding=&#8221;55px||113px|||&#8221; z_index_tablet=&#8221;500&#8243; global_colors_info=&#8221;{}&#8221;]<\/p>\n<h6><\/h6>\n<h1 class=\"et_pb_module_header et-fb-editable-element et-fb-editable-element__editing\" contenteditable=\"true\" data-shortcode-id=\"0.0-1606814395730\" data-quickaccess-id=\"title\"><\/h1>\n<p>[\/et_pb_fullwidth_header][\/et_pb_section][et_pb_section fb_built=&#8221;1&#8243; _builder_version=&#8221;4.16&#8243; background_color=&#8221;#000000&#8243; custom_padding=&#8221;7px||12px|||&#8221; global_colors_info=&#8221;{}&#8221;][et_pb_row _builder_version=&#8221;4.16&#8243; background_size=&#8221;initial&#8221; background_position=&#8221;top_left&#8221; background_repeat=&#8221;repeat&#8221; global_colors_info=&#8221;{}&#8221;][et_pb_column type=&#8221;4_4&#8243; _builder_version=&#8221;4.16&#8243; custom_padding=&#8221;|||&#8221; global_colors_info=&#8221;{}&#8221; custom_padding__hover=&#8221;|||&#8221;][et_pb_text _builder_version=&#8221;4.16&#8243; text_text_color=&#8221;#ffffff&#8221; custom_padding=&#8221;||5px|||&#8221; z_index_tablet=&#8221;500&#8243; global_colors_info=&#8221;{}&#8221;]<\/p>\n<p style=\"text-align: justify;\">Javier Tirado comienza su relaci\u00f3n con el mundo teatral en Santurtzi en 1980 con el grupo de teatro local Encrucijada. En 1987 se traslada a Barcelona y realiza cursos de clown con Pierre Byland y Los Colombaioni, de teatro con Els Comediants, de construcci\u00f3n de marionetas con el grupo sueco Svarta Catten y de t\u00e9cnicas circenses en el Ateneo de Nou Barris.<\/p>\n<p style=\"text-align: justify;\">En 1994 se incorpora al grupo de teatro Gorakada en el que ha realizado tareas como actor, escen\u00f3grafo, dramaturgo, constructor de t\u00edteres, director y m\u00fasico. Tambi\u00e9n escen\u00f3grafo y constructor de t\u00edteres para grupos como; Marie de Jongh, Teatro Paraiso, Markeli\u00f1e y Anita Maravillas.<\/p>\n<p style=\"text-align: justify;\">Ha recibido el premio a la mejor escenograf\u00eda en FETEN por los espect\u00e1culos \u201cJim en la isla del tesoro\u201d y \u201cLa vuelta al mundo\u201d y el premio ONOFRE a la mejor interpretaci\u00f3n masculina por el cortometraje \u201cTorre\u201d.<\/p>\n<p>[\/et_pb_text][et_pb_text _builder_version=&#8221;4.16&#8243; text_text_color=&#8221;#ffffff&#8221; custom_padding=&#8221;||5px|||&#8221; z_index_tablet=&#8221;500&#8243; global_colors_info=&#8221;{}&#8221;][\/et_pb_text][\/et_pb_column][\/et_pb_row][\/et_pb_section][et_pb_section fb_built=&#8221;1&#8243; fullwidth=&#8221;on&#8221; _builder_version=&#8221;4.16&#8243; global_colors_info=&#8221;{}&#8221;][et_pb_fullwidth_header title=&#8221;Espect\u00e1culos&#8221; _builder_version=&#8221;4.16&#8243; title_font=&#8221;|700|||||||&#8221; background_color=&#8221;rgba(0,0,0,0.87)&#8221; custom_padding=&#8221;12px||7px|||&#8221; global_colors_info=&#8221;{}&#8221;]<br \/>\n[\/et_pb_fullwidth_header][\/et_pb_section][et_pb_section fb_built=&#8221;1&#8243; _builder_version=&#8221;4.16&#8243; background_color=&#8221;#000000&#8243; custom_padding=&#8221;7px||12px|||&#8221; global_colors_info=&#8221;{}&#8221;][et_pb_row column_structure=&#8221;1_3,2_3&#8243; _builder_version=&#8221;4.16&#8243; background_size=&#8221;initial&#8221; background_position=&#8221;top_left&#8221; background_repeat=&#8221;repeat&#8221; custom_padding=&#8221;7px||3px|||&#8221; global_colors_info=&#8221;{}&#8221;][et_pb_column type=&#8221;1_3&#8243; _builder_version=&#8221;4.16&#8243; custom_padding=&#8221;|||&#8221; global_colors_info=&#8221;{}&#8221; custom_padding__hover=&#8221;|||&#8221;][et_pb_image src=&#8221;https:\/\/dgira.es\/wp-content\/uploads\/2022\/04\/NADA-1-scaled.jpg&#8221; title_text=&#8221;NADA (1)&#8221; show_in_lightbox=&#8221;on&#8221; force_fullwidth=&#8221;on&#8221; align_tablet=&#8221;center&#8221; align_phone=&#8221;&#8221; align_last_edited=&#8221;on|desktop&#8221; _builder_version=&#8221;4.16&#8243; z_index_tablet=&#8221;500&#8243; global_colors_info=&#8221;{}&#8221;]<br \/>\n[\/et_pb_image][\/et_pb_column][et_pb_column type=&#8221;2_3&#8243; _builder_version=&#8221;4.16&#8243; custom_padding=&#8221;|||&#8221; global_colors_info=&#8221;{}&#8221; custom_padding__hover=&#8221;|||&#8221;][et_pb_text _builder_version=&#8221;4.19.2&#8243; custom_padding=&#8221;1px|||||&#8221; z_index_tablet=&#8221;500&#8243; global_colors_info=&#8221;{}&#8221;]<\/p>\n<h2><span color=\"#e2e2e2\" style=\"color: #e2e2e2;\"><i>NADA<\/i><\/span><\/h2>\n<p><span style=\"color: #fcfcfc;\">Todos los p\u00fablicos a partir de 10 a\u00f1os, espacio polivalente.<\/span><\/p>\n<p><span style=\"color: #fcfcfc;\">Personas en gira: 2<\/span><\/p>\n<blockquote>\n<div class=\"page\" title=\"Page 2\">\n<div class=\"layoutArea\">\n<div class=\"column\">\n<p><span style=\"color: #ffffff;\">\u201cNADA\u201d propone un par\u00e9ntesis \u00edntimo y relajado.\u2028Un espect\u00e1culo unipersonal representado en una peque\u00f1a caja, que nos habla de un fugaz instante; la creaci\u00f3n del<\/span> <span style=\"color: #ffffff;\">Universo.<\/span><\/p>\n<\/div>\n<\/div>\n<\/div>\n<\/blockquote>\n<p>[\/et_pb_text][\/et_pb_column][\/et_pb_row][et_pb_row column_structure=&#8221;1_2,1_4,1_4&#8243; _builder_version=&#8221;4.16&#8243; custom_margin=&#8221;-6px|auto||auto||&#8221; custom_padding=&#8221;6px|||||&#8221; global_colors_info=&#8221;{}&#8221;][et_pb_column type=&#8221;1_2&#8243; _builder_version=&#8221;4.16&#8243; custom_padding=&#8221;|||&#8221; global_colors_info=&#8221;{}&#8221; custom_padding__hover=&#8221;|||&#8221;][\/et_pb_column][et_pb_column type=&#8221;1_4&#8243; _builder_version=&#8221;4.16&#8243; custom_padding=&#8221;|||&#8221; global_colors_info=&#8221;{}&#8221; custom_padding__hover=&#8221;|||&#8221;][et_pb_button button_url=&#8221;https:\/\/vimeo.com\/395243897&#8243; url_new_window=&#8221;on&#8221; button_text=&#8221;Video&#8221; button_alignment=&#8221;center&#8221; _builder_version=&#8221;4.16&#8243; custom_button=&#8221;on&#8221; button_text_size=&#8221;18px&#8221; button_text_color=&#8221;#ffffff&#8221; button_bg_color=&#8221;rgba(124,218,36,0)&#8221; button_border_color=&#8221;#ffffff&#8221; button_border_radius=&#8221;2px&#8221; button_font=&#8221;|700|||||||&#8221; button_icon_color=&#8221;#ffffff&#8221; z_index_tablet=&#8221;500&#8243; global_colors_info=&#8221;{}&#8221;]<br \/>\n[\/et_pb_button][\/et_pb_column][et_pb_column type=&#8221;1_4&#8243; _builder_version=&#8221;4.16&#8243; custom_padding=&#8221;|||&#8221; global_colors_info=&#8221;{}&#8221; custom_padding__hover=&#8221;|||&#8221;][et_pb_button button_url=&#8221;https:\/\/dgira.es\/wp-content\/uploads\/2024\/12\/NADADossier.pdf&#8221; url_new_window=&#8221;on&#8221; button_text=&#8221;Dossier&#8221; button_alignment=&#8221;center&#8221; _builder_version=&#8221;4.27.2&#8243; custom_button=&#8221;on&#8221; button_text_size=&#8221;18px&#8221; button_text_color=&#8221;#ffffff&#8221; button_bg_color=&#8221;rgba(124,218,36,0)&#8221; button_border_color=&#8221;#ffffff&#8221; button_border_radius=&#8221;2px&#8221; button_font=&#8221;|700|||||||&#8221; button_icon_color=&#8221;#ffffff&#8221; hover_enabled=&#8221;0&#8243; z_index_tablet=&#8221;500&#8243; global_colors_info=&#8221;{}&#8221; sticky_enabled=&#8221;0&#8243;]<br \/>\n[\/et_pb_button][\/et_pb_column][\/et_pb_row][et_pb_row _builder_version=&#8221;4.16&#8243; custom_margin=&#8221;|auto|-29px|auto||&#8221; global_colors_info=&#8221;{}&#8221;][et_pb_column type=&#8221;4_4&#8243; _builder_version=&#8221;4.19.2&#8243; _module_preset=&#8221;default&#8221; global_colors_info=&#8221;{}&#8221;][et_pb_gallery gallery_ids=&#8221;1302,1303,1305,1304,1307,1306&#8243; show_title_and_caption=&#8221;off&#8221; _builder_version=&#8221;4.19.2&#8243; global_colors_info=&#8221;{}&#8221;][\/et_pb_gallery][et_pb_divider _builder_version=&#8221;4.16&#8243; global_colors_info=&#8221;{}&#8221;]<br \/>\n[\/et_pb_divider][\/et_pb_column][\/et_pb_row][\/et_pb_section]<\/p>","protected":false},"excerpt":{"rendered":"<p>Javier Tirado comienza su relaci\u00f3n con el mundo teatral en Santurtzi en 1980 con el grupo de teatro local Encrucijada. En 1987 se traslada a Barcelona y realiza cursos de clown con Pierre Byland y Los Colombaioni, de teatro con Els Comediants, de construcci\u00f3n de marionetas con el grupo sueco Svarta Catten y de t\u00e9cnicas [&hellip;]<\/p>","protected":false},"author":2,"featured_media":0,"parent":0,"menu_order":0,"comment_status":"closed","ping_status":"closed","template":"","meta":{"_et_pb_use_builder":"on","_et_pb_old_content":"","_et_gb_content_width":"","spay_email":"","footnotes":""},"class_list":["post-1284","page","type-page","status-publish","hentry"],"_links":{"self":[{"href":"https:\/\/dgira.es\/en\/wp-json\/wp\/v2\/pages\/1284"}],"collection":[{"href":"https:\/\/dgira.es\/en\/wp-json\/wp\/v2\/pages"}],"about":[{"href":"https:\/\/dgira.es\/en\/wp-json\/wp\/v2\/types\/page"}],"author":[{"embeddable":true,"href":"https:\/\/dgira.es\/en\/wp-json\/wp\/v2\/users\/2"}],"replies":[{"embeddable":true,"href":"https:\/\/dgira.es\/en\/wp-json\/wp\/v2\/comments?post=1284"}],"version-history":[{"count":13,"href":"https:\/\/dgira.es\/en\/wp-json\/wp\/v2\/pages\/1284\/revisions"}],"predecessor-version":[{"id":2245,"href":"https:\/\/dgira.es\/en\/wp-json\/wp\/v2\/pages\/1284\/revisions\/2245"}],"wp:attachment":[{"href":"https:\/\/dgira.es\/en\/wp-json\/wp\/v2\/media?parent=1284"}],"curies":[{"name":"wp","href":"https:\/\/api.w.org\/{rel}","templated":true}]}}